{"id":9797,"date":"2015-10-23T16:39:41","date_gmt":"2015-10-23T15:39:41","guid":{"rendered":"http:\/\/www.ethicalquote.com\/newTemplate\/?page_id=9797"},"modified":"2025-12-01T13:36:18","modified_gmt":"2025-12-01T12:36:18","slug":"home-page-test-2","status":"publish","type":"page","link":"https:\/\/www.covalence.ch\/","title":{"rendered":"ESG Services"},"content":{"rendered":"<div class=\"wpb-content-wrapper\">[vc_row full_width=&#8221;stretch_row&#8221;][vc_column][vc_empty_space]<style>.vcex-image-slider.vcex_69e8c08231caf .wpex-slider-caption{font-size:16px;}<\/style><div class=\"wpex-slider-preloaderimg wpex-relative\"><img width=\"980\" height=\"324\" src=\"https:\/\/www.covalence.ch\/wp-content\/uploads\/2024\/01\/monitor-slider980-324-3.png\" class=\"skip-lazy\" alt=\"\" data-no-lazy=\"1\" srcset=\"https:\/\/www.covalence.ch\/wp-content\/uploads\/2024\/01\/monitor-slider980-324-3.png 980w, https:\/\/www.covalence.ch\/wp-content\/uploads\/2024\/01\/monitor-slider980-324-3-300x99.png 300w, https:\/\/www.covalence.ch\/wp-content\/uploads\/2024\/01\/monitor-slider980-324-3-768x254.png 768w\" sizes=\"(max-width: 980px) 100vw, 980px\" \/><\/div><div class=\"vcex-image-slider vcex-module wpex-slider slider-pro wpex-clr vcex_69e8c08231caf\" data-loop=\"true\"><div class=\"wpex-slider-slides sp-slides\"><div class=\"wpex-slider-slide sp-slide\"><div class=\"wpex-slider-media wpex-relative\"><img width=\"980\" height=\"324\" src=\"https:\/\/www.covalence.ch\/wp-content\/uploads\/2024\/01\/monitor-slider980-324-3.png\" class=\"skip-lazy\" alt=\"\" data-no-lazy=\"1\" srcset=\"https:\/\/www.covalence.ch\/wp-content\/uploads\/2024\/01\/monitor-slider980-324-3.png 980w, https:\/\/www.covalence.ch\/wp-content\/uploads\/2024\/01\/monitor-slider980-324-3-300x99.png 300w, https:\/\/www.covalence.ch\/wp-content\/uploads\/2024\/01\/monitor-slider980-324-3-768x254.png 768w\" sizes=\"(max-width: 980px) 100vw, 980px\" \/><div class=\"wpex-slider-caption sp-black sp-layer hidden-phone\"data-position=\"centerCenter\" data-show-delay=\"100\" data-show-transition=\"up\" data-hide-transition=\"down\" data-width=\"100%\" data-vertical=\"150\"><p>Since 2001 Covalence has been evaluating companies according to Environment, Social and Governance (ESG) criteria<\/p>\n<\/div><\/div><\/div><div class=\"wpex-slider-slide sp-slide\"><div class=\"wpex-slider-media wpex-relative\"><img width=\"980\" height=\"324\" src=\"https:\/\/www.covalence.ch\/wp-content\/uploads\/2022\/10\/Approach_v5.png\" class=\"skip-lazy\" alt=\"\" data-no-lazy=\"1\" srcset=\"https:\/\/www.covalence.ch\/wp-content\/uploads\/2022\/10\/Approach_v5.png 980w, https:\/\/www.covalence.ch\/wp-content\/uploads\/2022\/10\/Approach_v5-300x99.png 300w, https:\/\/www.covalence.ch\/wp-content\/uploads\/2022\/10\/Approach_v5-768x254.png 768w\" sizes=\"(max-width: 980px) 100vw, 980px\" \/><div class=\"wpex-slider-caption sp-black sp-layer hidden-phone\"data-position=\"centerCenter\" data-show-delay=\"100\" data-show-transition=\"up\" data-hide-transition=\"down\" data-width=\"100%\" data-vertical=\"150\"><p>Our AI-powered scoring system compares corporate disclosures to news sentiment<\/p>\n<\/div><\/div><\/div><div class=\"wpex-slider-slide sp-slide\"><div class=\"wpex-slider-media wpex-relative\"><img width=\"980\" height=\"324\" src=\"https:\/\/www.covalence.ch\/wp-content\/uploads\/2024\/01\/slider-snapshot-top-980-324-3.png\" class=\"skip-lazy\" alt=\"\" data-no-lazy=\"1\" srcset=\"https:\/\/www.covalence.ch\/wp-content\/uploads\/2024\/01\/slider-snapshot-top-980-324-3.png 980w, https:\/\/www.covalence.ch\/wp-content\/uploads\/2024\/01\/slider-snapshot-top-980-324-3-300x99.png 300w, https:\/\/www.covalence.ch\/wp-content\/uploads\/2024\/01\/slider-snapshot-top-980-324-3-768x254.png 768w\" sizes=\"(max-width: 980px) 100vw, 980px\" \/><div class=\"wpex-slider-caption sp-black sp-layer hidden-phone\"data-position=\"centerCenter\" data-show-delay=\"100\" data-show-transition=\"up\" data-hide-transition=\"down\" data-width=\"100%\" data-vertical=\"150\"><p>Our monthly-updated ESG ratings cover 15000 listed companies globally<\/p>\n<\/div><\/div><\/div><div class=\"wpex-slider-slide sp-slide\"><div class=\"wpex-slider-media wpex-relative\"><img width=\"973\" height=\"325\" src=\"https:\/\/www.covalence.ch\/wp-content\/uploads\/2024\/01\/slider-pforeport-p2-980-324-2.png\" class=\"skip-lazy\" alt=\"\" data-no-lazy=\"1\" srcset=\"https:\/\/www.covalence.ch\/wp-content\/uploads\/2024\/01\/slider-pforeport-p2-980-324-2.png 973w, https:\/\/www.covalence.ch\/wp-content\/uploads\/2024\/01\/slider-pforeport-p2-980-324-2-300x100.png 300w, https:\/\/www.covalence.ch\/wp-content\/uploads\/2024\/01\/slider-pforeport-p2-980-324-2-768x257.png 768w\" sizes=\"(max-width: 973px) 100vw, 973px\" \/><div class=\"wpex-slider-caption sp-black sp-layer hidden-phone\"data-position=\"centerCenter\" data-show-delay=\"100\" data-show-transition=\"up\" data-hide-transition=\"down\" data-width=\"100%\" data-vertical=\"150\"><p>Covalence\u2019s ESG ratings are aggregated to produce bespoke portfolio reports<\/p>\n<\/div><\/div><\/div><div class=\"wpex-slider-slide sp-slide\"><div class=\"wpex-slider-media wpex-relative\"><img width=\"980\" height=\"324\" src=\"https:\/\/www.covalence.ch\/wp-content\/uploads\/2025\/02\/morocco-980_324-1.png\" class=\"skip-lazy\" alt=\"\" data-no-lazy=\"1\" srcset=\"https:\/\/www.covalence.ch\/wp-content\/uploads\/2025\/02\/morocco-980_324-1.png 980w, https:\/\/www.covalence.ch\/wp-content\/uploads\/2025\/02\/morocco-980_324-1-300x99.png 300w, https:\/\/www.covalence.ch\/wp-content\/uploads\/2025\/02\/morocco-980_324-1-768x254.png 768w\" sizes=\"(max-width: 980px) 100vw, 980px\" \/><div class=\"wpex-slider-caption sp-black sp-layer hidden-phone\"data-position=\"centerCenter\" data-show-delay=\"100\" data-show-transition=\"up\" data-hide-transition=\"down\" data-width=\"100%\" data-vertical=\"150\"><p>Expertise on social and political issues such as human rights, peace and democracy<\/p>\n<\/div><\/div><\/div><\/div><\/div>[\/vc_column][\/vc_row][vc_row full_width=&#8221;stretch_row&#8221; css=&#8221;.vc_custom_1593006183114{background-color: #ffffff !important;}&#8221;][vc_column][vc_empty_space][vc_column_text css=&#8221;&#8221; font_size=&#8221;18&#8243;]Founded in Geneva in 2001, Covalence evaluates the environmental, social and governance (ESG) performance of thousands of companies around the world, with a focus on media analysis and social issues.<\/p>\n<p>We provide professional investors with ESG ratings and data to monitor portfolios, define investment universes, track controversies, manage reputational risks and document positive impacts.[\/vc_column_text]<div class=\"vcex-spacing wpex-w-100 wpex-clear\"><\/div><div class=\"vcex-multi-buttons wpex-flex wpex-flex-wrap wpex-items-center wpex-gap-10\"><a href=\"https:\/\/www.covalence.ch\/index.php\/services\/investors\/#1603469894755-14395b05-b947\" class=\"theme-button flat outline-transparent wpex-text-center vcex-count-1\">ESG ratings<\/a><a href=\"https:\/\/www.covalence.ch\/index.php\/services\/investors\/#1652825388741-8a10138c-463d\" class=\"theme-button flat outline-transparent wpex-text-center vcex-count-2\">Norms-based exclusions monitor<\/a><a href=\"https:\/\/www.covalence.ch\/index.php\/services\/investors\/#1652825388741-8a10138c-463d\" class=\"theme-button flat outline-transparent wpex-text-center vcex-count-3\">Portfolio reports<\/a><a href=\"https:\/\/www.covalence.ch\/index.php\/services\/investors\/#1544182660845-e66cb304-1e00\" class=\"theme-button flat outline-transparent wpex-text-center vcex-count-4\">ESG news data<\/a><a href=\"https:\/\/www.covalence.ch\/index.php\/services\/investors\/#1704891977471-c73065ce-afb1\" class=\"theme-button flat outline-transparent wpex-text-center vcex-count-5\">Greenwashing risk indicator<\/a><a href=\"https:\/\/www.covalence.ch\/index.php\/services\/investors\/#1661172692406-0641b397-8179\" class=\"theme-button flat outline-transparent wpex-text-center vcex-count-6\">SDG and thematic scores<\/a><a href=\"https:\/\/www.covalence.ch\/index.php\/services\/investors\/#1504632464866-2e16e781-9846\" class=\"theme-button flat outline-transparent wpex-text-center vcex-count-7\">ZKB Tracker Certificate<\/a><a href=\"https:\/\/www.covalence.ch\/index.php\/services\/investors\/#1592383018352-74d44309-1156\" class=\"theme-button flat outline-transparent wpex-text-center vcex-count-8\">Training<\/a><\/div>[\/vc_column][\/vc_row][vc_row full_width=&#8221;stretch_row&#8221; css=&#8221;.vc_custom_1593006680163{background-color: #ffffff !important;}&#8221;][vc_column]<div class=\"vcex-spacing wpex-w-100 wpex-clear\"><\/div>[vc_row_inner remove_bottom_col_margin=&#8221;true&#8221; css=&#8221;.vc_custom_1652972156829{background-color: #ffffff !important;}&#8221;][vc_column_inner width=&#8221;1\/3&#8243;]<style>.vcex-heading.vcex_69e8c08236ddc .vcex-heading-icon{color:#2e7db1;}<\/style><div class=\"vcex-heading vcex-heading-plain vcex-module wpex-heading wpex-text-2xl wpex-text-left vcex_69e8c08236ddc\"><a href=\"http:\/\/www.covalence.ch\/index.php\/services\/investors\/?lang=fr\" class=\"wpex-no-underline\" target=\"_self\"><span class=\"vcex-heading-inner wpex-inline-block\"><span class=\"vcex-heading-icon vcex-heading-icon-left vcex-icon-wrap wpex-mr-10\"><span class=\"wpex-icon\" aria-hidden=\"true\"><svg xmlns=\"http:\/\/www.w3.org\/2000\/svg\" viewBox=\"0 0 34 32\"><path d=\"M17.143 0l17.143 6.857v2.286h-2.286q0 0.464-0.366 0.804t-0.866 0.339h-27.25q-0.5 0-0.866-0.339t-0.366-0.804h-2.286v-2.286zM4.571 11.429h4.571v13.714h2.286v-13.714h4.571v13.714h2.286v-13.714h4.571v13.714h2.286v-13.714h4.571v13.714h1.054q0.5 0 0.866 0.339t0.366 0.804v1.143h-29.714v-1.143q0-0.464 0.366-0.804t0.866-0.339h1.054v-13.714zM33.054 28.571q0.5 0 0.866 0.339t0.366 0.804v2.286h-34.286v-2.286q0-0.464 0.366-0.804t0.866-0.339h31.821z\"><\/path><\/svg><\/span><\/span>Investors<\/span><\/a><\/div>[vc_empty_space height=&#8221;12px&#8221;][vc_column_text css=&#8221;.vc_custom_1671542225390{margin-bottom: 18px !important;}&#8221; font_size=&#8221;14&#8243;]\n<p style=\"text-align: left;\">Covalence provides investors with ratings, news data, reports, and advisory supporting investment management, portfolio reporting and ESG assessments<\/p>\n[\/vc_column_text]<div class=\"vc_custom_1704977063603 wpex-clr\"><a href=\"http:\/\/www.covalence.ch\/index.php\/services\/investors\/\" class=\"vcex-button theme-button inline\"><span class=\"vcex-button-inner theme-button-inner wpex-flex wpex-flex-wrap wpex-items-center wpex-justify-center\">More<\/span><\/a><\/div> [\/vc_column_inner][vc_column_inner width=&#8221;1\/3&#8243;]<style>.vcex-heading.vcex_69e8c0823830e .vcex-heading-icon{color:#2e7db1;}<\/style><div class=\"vcex-heading vcex-heading-plain vcex-module wpex-heading wpex-text-2xl wpex-text-left vcex_69e8c0823830e\"><a href=\"http:\/\/www.covalence.ch\/index.php\/services\/non-profit-organisations\/?lang=fr\" class=\"wpex-no-underline\" target=\"_self\"><span class=\"vcex-heading-inner wpex-inline-block\"><span class=\"vcex-heading-icon vcex-heading-icon-left vcex-icon-wrap wpex-mr-10\"><span aria-hidden=\"true\" class=\"vc_li vc_li-world\"><\/span><\/span>Non-profits<\/span><\/a><\/div>[vc_empty_space height=&#8221;12px&#8221;][vc_column_text css=&#8221;.vc_custom_1736790841048{margin-bottom: 18px !important;}&#8221; font_size=&#8221;14&#8243;]Covalence provides data and advice to non-profit organizations working on, or with, multinational companies. These services are useful for: thematic studies and rankings, partner search, reputation risk management.[\/vc_column_text]<div class=\"vc_custom_1704977078122 wpex-clr\"><a href=\"http:\/\/www.covalence.ch\/index.php\/services\/non-profit-organisations\/\" class=\"vcex-button theme-button inline\"><span class=\"vcex-button-inner theme-button-inner wpex-flex wpex-flex-wrap wpex-items-center wpex-justify-center\">More<\/span><\/a><\/div> [\/vc_column_inner][vc_column_inner width=&#8221;1\/3&#8243;]<style>.vcex-heading.vcex_69e8c0823934c .vcex-heading-icon{color:#2e7db1;}<\/style><div class=\"vcex-heading vcex-heading-plain vcex-module wpex-heading wpex-text-2xl wpex-text-left vcex_69e8c0823934c\"><a href=\"http:\/\/www.covalence.ch\/index.php\/services\/universities\/?lang=fr\" class=\"wpex-no-underline\" target=\"_self\"><span class=\"vcex-heading-inner wpex-inline-block\"><span class=\"vcex-heading-icon vcex-heading-icon-left vcex-icon-wrap wpex-mr-10\"><span class=\"wpex-icon\" aria-hidden=\"true\"><svg xmlns=\"http:\/\/www.w3.org\/2000\/svg\" viewBox=\"0 0 640 512\"><path d=\"M320 32c-8.1 0-16.1 1.4-23.7 4.1L15.8 137.4C6.3 140.9 0 149.9 0 160s6.3 19.1 15.8 22.6l57.9 20.9C57.3 229.3 48 259.8 48 291.9v28.1c0 28.4-10.8 57.7-22.3 80.8c-6.5 13-13.9 25.8-22.5 37.6C0 442.7-.9 448.3 .9 453.4s6 8.9 11.2 10.2l64 16c4.2 1.1 8.7 .3 12.4-2s6.3-6.1 7.1-10.4c8.6-42.8 4.3-81.2-2.1-108.7C90.3 344.3 86 329.8 80 316.5V291.9c0-30.2 10.2-58.7 27.9-81.5c12.9-15.5 29.6-28 49.2-35.7l157-61.7c8.2-3.2 17.5 .8 20.7 9s-.8 17.5-9 20.7l-157 61.7c-12.4 4.9-23.3 12.4-32.2 21.6l159.6 57.6c7.6 2.7 15.6 4.1 23.7 4.1s16.1-1.4 23.7-4.1L624.2 182.6c9.5-3.4 15.8-12.5 15.8-22.6s-6.3-19.1-15.8-22.6L343.7 36.1C336.1 33.4 328.1 32 320 32zM128 408c0 35.3 86 72 192 72s192-36.7 192-72L496.7 262.6 354.5 314c-11.1 4-22.8 6-34.5 6s-23.5-2-34.5-6L143.3 262.6 128 408z\"\/><\/svg><\/span><\/span>Academics<\/span><\/a><\/div>[vc_empty_space height=&#8221;12px&#8221;][vc_column_text css=&#8221;.vc_custom_1671542241870{margin-bottom: 18px !important;}&#8221; font_size=&#8221;14&#8243;]\n<p style=\"text-align: left;\">Covalence provides academics with ESG data and ratings supporting further research into the business case for sustainability<\/p>\n[\/vc_column_text]<div class=\"vc_custom_1704977086286 wpex-clr\"><a href=\"http:\/\/www.covalence.ch\/index.php\/services\/universities\/\" class=\"vcex-button theme-button inline\"><span class=\"vcex-button-inner theme-button-inner wpex-flex wpex-flex-wrap wpex-items-center wpex-justify-center\">More<\/span><\/a><\/div> [\/vc_column_inner][\/vc_row_inner][\/vc_column][\/vc_row][vc_row css_animation=&#8221;none&#8221; full_width=&#8221;stretch_row&#8221; wpex_fixed_bg=&#8221;fixed&#8221; css=&#8221;.vc_custom_1606300873965{background-color: #ffffff !important;}&#8221;][vc_column css=&#8221;.vc_custom_1606300607174{background-color: #fff1e0 !important;}&#8221;]<div class=\"vcex-heading vcex-heading-plain vcex-module wpex-heading wpex-text-2xl vc_custom_1593006565604\"><span class=\"vcex-heading-inner wpex-inline-block\">ESG radar 24\/7<\/span><\/div>[vc_column_text css=&#8221;.vc_custom_1698682537484{background-color: #fff1e0 !important;}&#8221;]What\u2019s on our ESG radar screen this week? Access current hot topics by clicking on our interactive charts. <a href=\"https:\/\/www.covalence.ch\/index.php\/services\/investors\/#1544182660845-e66cb304-1e00\">More&#8230;<\/a>[\/vc_column_text][vc_raw_html css=&#8221;.vc_custom_1593006581479{background-color: #fff1e0 !important;}&#8221;]JTNDaWZyYW1lJTIwc3JjJTNEJTIyaHR0cHMlM0ElMkYlMkZ3d3cuY292YWxlbmNlLmNoJTJGM2QlMkZob21lUGFnZTdkXzIuaHRtbCUyMiUyMGhlaWdodCUzRCUyMjQ5NSUyMiUyMHdpZHRoJTNEJTIyMTAwJTI1JTIyJTIwZnJhbWVib3JkZXIlM0QlMjIwJTIyJTIwc3R5bGUlM0QlMjJvdmVyZmxvdy15JTNBaGlkZGVuJTNCJTIwb3ZlcmZsb3cteCUzQXNjcm9sbCUzQiUyMiUzRSUzQyUyRmlmcmFtZSUzRQ==[\/vc_raw_html][\/vc_column][\/vc_row][vc_row full_width=&#8221;stretch_row&#8221; css=&#8221;.vc_custom_1593006770250{background-color: #fff1e0 !important;}&#8221;][vc_column width=&#8221;1\/4&#8243;]<style>.vcex-heading.vcex_69e8c0823ab17{font-size:18px;font-weight:600;}<\/style><div class=\"vcex-heading vcex-heading-plain vcex-module wpex-heading wpex-text-2xl vc_custom_1510266304883 vcex_69e8c0823ab17\"><span class=\"vcex-heading-inner wpex-inline-block\">News<\/span><\/div>[\/vc_column][vc_column width=&#8221;1\/4&#8243;][\/vc_column][vc_column width=&#8221;1\/4&#8243;][\/vc_column][vc_column width=&#8221;1\/4&#8243;][\/vc_column][\/vc_row][vc_row full_width=&#8221;stretch_row&#8221; css=&#8221;.vc_custom_1593006804273{background-color: #fff1e0 !important;}&#8221;][vc_column]<style>.vcex-blog-carousel.vcex_69e8c0823b69c .entry-title{color:#2e7db1;}.vcex-blog-carousel.vcex_69e8c0823b69c .entry-readmore{background-color:#d7e4be;color:#686868;}.vcex-blog-carousel.vcex_69e8c0823b69c .entry-readmore:hover{background-color:#2e7db1;color:#ffffff;}<\/style><style class=\"vcex-carousel-preload-css\">.vcex_69e8c0823b69c{--wpex-carousel-gap:15px;}.vcex_69e8c0823b69c{--wpex-carousel-columns:1;}.vcex_69e8c0823b69c.wpex-carousel:not(.wpex-carousel--loaded) > *:not(:nth-child(1n+2)){display:flex!important;}@media only screen and (min-width: 480px) {.vcex_69e8c0823b69c{--wpex-carousel-columns:2;}.vcex_69e8c0823b69c.wpex-carousel:not(.wpex-carousel--loaded) > *:not(:nth-child(1n+3)){display:flex!important;}}@media only screen and (min-width: 768px) {.vcex_69e8c0823b69c{--wpex-carousel-columns:3;}.vcex_69e8c0823b69c.wpex-carousel:not(.wpex-carousel--loaded) > *:not(:nth-child(1n+4)){display:flex!important;}}@media only screen and (min-width: 960px) {.vcex_69e8c0823b69c{--wpex-carousel-columns:4;}.vcex_69e8c0823b69c.wpex-carousel:not(.wpex-carousel--loaded) > *:not(:nth-child(1n+5)){display:flex!important;}}<\/style><div class=\"vcex-blog-carousel wpex-carousel wpex-carousel-blog wpex-clr vcex-module owl-carousel wpex-carousel--render-onload arrwstyle-default arrwpos-default vcex_69e8c0823b69c\" data-wpex-carousel=\"{&quot;slideBy&quot;:1,&quot;items&quot;:4,&quot;responsive&quot;:{&quot;0&quot;:{&quot;items&quot;:&quot;1&quot;},&quot;480&quot;:{&quot;items&quot;:&quot;2&quot;},&quot;768&quot;:{&quot;items&quot;:&quot;3&quot;},&quot;960&quot;:{&quot;items&quot;:4}}}\"><div class=\"wpex-carousel-slide has-media\"><div class=\"wpex-carousel-entry-media entry-media wpex-relative\"><a href=\"https:\/\/www.covalence.ch\/index.php\/2026\/04\/13\/finance-durable-les-exclusions-ethiques-saffinent\/\" title=\"Finance durable: les exclusions \u00e9thiques s\u2019affinent\" class=\"wpex-carousel-entry-img\"><img width=\"200\" height=\"130\" src=\"https:\/\/www.covalence.ch\/wp-content\/uploads\/2024\/07\/logo_le_temps_2020.png\" class=\"wpex-align-middle skip-lazy\" alt=\"\" data-no-lazy=\"1\" \/><\/a><\/div><div class=\"wpex-carousel-entry-details entry-details wpex-boxed wpex-first-mt-0 wpex-last-mb-0 wpex-clr vc_custom_1601551348774\"><div class=\"wpex-carousel-entry-title entry-title wpex-mb-5 wpex-child-inherit-color\"><a href=\"https:\/\/www.covalence.ch\/index.php\/2026\/04\/13\/finance-durable-les-exclusions-ethiques-saffinent\/\">Finance durable: les exclusions \u00e9thiques s\u2019affinent<\/a><\/div><div class=\"wpex-carousel-entry-date vcex-blog-entry-date entry-date wpex-text-sm wpex-text-3 wpex-mb-5\">13 April 2026<\/div><div class=\"wpex-carousel-entry-excerpt entry-excerpt wpex-my-15 wpex-text-pretty wpex-last-mb-0 wpex-clr\"><p>CHRONIQUE. La complexit\u00e9 des usages et les imp\u00e9ratifs de rendement am\u00e8nent les investisseurs \u00e0 pr\u00e9f\u00e9rer&hellip;<\/p><\/div><div class=\"wpex-carousel-entry-button entry-readmore-wrap wpex-my-15 wpex-clr\"><a href=\"https:\/\/www.covalence.ch\/index.php\/2026\/04\/13\/finance-durable-les-exclusions-ethiques-saffinent\/\" class=\"entry-readmore theme-button\" aria-label=\"More about Finance durable: les exclusions \u00e9thiques s\u2019affinent\">More<\/a><\/div><\/div><\/div><div class=\"wpex-carousel-slide has-media\"><div class=\"wpex-carousel-entry-media entry-media wpex-relative\"><a href=\"https:\/\/www.covalence.ch\/index.php\/2026\/02\/09\/sustainable-finance-transparency-is-improving-on-several-fronts\/\" title=\"Sustainable finance: Transparency is improving on several fronts\" class=\"wpex-carousel-entry-img\"><img width=\"200\" height=\"130\" src=\"https:\/\/www.covalence.ch\/wp-content\/uploads\/2026\/02\/illuminem09.02.2026.jpg\" class=\"wpex-align-middle skip-lazy\" alt=\"\" data-no-lazy=\"1\" \/><\/a><\/div><div class=\"wpex-carousel-entry-details entry-details wpex-boxed wpex-first-mt-0 wpex-last-mb-0 wpex-clr vc_custom_1601551348774\"><div class=\"wpex-carousel-entry-title entry-title wpex-mb-5 wpex-child-inherit-color\"><a href=\"https:\/\/www.covalence.ch\/index.php\/2026\/02\/09\/sustainable-finance-transparency-is-improving-on-several-fronts\/\">Sustainable finance: Transparency is improving on several fronts<\/a><\/div><div class=\"wpex-carousel-entry-date vcex-blog-entry-date entry-date wpex-text-sm wpex-text-3 wpex-mb-5\">9 February 2026<\/div><div class=\"wpex-carousel-entry-excerpt entry-excerpt wpex-my-15 wpex-text-pretty wpex-last-mb-0 wpex-clr\"><p>Sustainable finance is currently experiencing a crisis of confidence. The idea that an investment can&hellip;<\/p><\/div><div class=\"wpex-carousel-entry-button entry-readmore-wrap wpex-my-15 wpex-clr\"><a href=\"https:\/\/www.covalence.ch\/index.php\/2026\/02\/09\/sustainable-finance-transparency-is-improving-on-several-fronts\/\" class=\"entry-readmore theme-button\" aria-label=\"More about Sustainable finance: Transparency is improving on several fronts\">More<\/a><\/div><\/div><\/div><div class=\"wpex-carousel-slide has-media\"><div class=\"wpex-carousel-entry-media entry-media wpex-relative\"><a href=\"https:\/\/www.covalence.ch\/index.php\/2026\/02\/02\/finance-durable-la-transparence-progresse-sur-plusieurs-fronts\/\" title=\"Finance durable: la transparence progresse sur plusieurs fronts\" class=\"wpex-carousel-entry-img\"><img width=\"200\" height=\"130\" src=\"https:\/\/www.covalence.ch\/wp-content\/uploads\/2024\/07\/logo_le_temps_2020.png\" class=\"wpex-align-middle skip-lazy\" alt=\"\" data-no-lazy=\"1\" \/><\/a><\/div><div class=\"wpex-carousel-entry-details entry-details wpex-boxed wpex-first-mt-0 wpex-last-mb-0 wpex-clr vc_custom_1601551348774\"><div class=\"wpex-carousel-entry-title entry-title wpex-mb-5 wpex-child-inherit-color\"><a href=\"https:\/\/www.covalence.ch\/index.php\/2026\/02\/02\/finance-durable-la-transparence-progresse-sur-plusieurs-fronts\/\">Finance durable: la transparence progresse sur plusieurs fronts<\/a><\/div><div class=\"wpex-carousel-entry-date vcex-blog-entry-date entry-date wpex-text-sm wpex-text-3 wpex-mb-5\">2 February 2026<\/div><div class=\"wpex-carousel-entry-excerpt entry-excerpt wpex-my-15 wpex-text-pretty wpex-last-mb-0 wpex-clr\"><p>Des avanc\u00e9es r\u00e9centes en divulgation d\u2019informations environnementales par les entreprises pourraient redonner confiance dans les&hellip;<\/p><\/div><div class=\"wpex-carousel-entry-button entry-readmore-wrap wpex-my-15 wpex-clr\"><a href=\"https:\/\/www.covalence.ch\/index.php\/2026\/02\/02\/finance-durable-la-transparence-progresse-sur-plusieurs-fronts\/\" class=\"entry-readmore theme-button\" aria-label=\"More about Finance durable: la transparence progresse sur plusieurs fronts\">More<\/a><\/div><\/div><\/div><div class=\"wpex-carousel-slide has-media\"><div class=\"wpex-carousel-entry-media entry-media wpex-relative\"><a href=\"https:\/\/www.covalence.ch\/index.php\/2025\/12\/01\/finance-durable-le-defi-dagir-au-niveau-local\/\" title=\"Finance durable: le d\u00e9fi d\u2019agir au niveau local\" class=\"wpex-carousel-entry-img\"><img width=\"200\" height=\"130\" src=\"https:\/\/www.covalence.ch\/wp-content\/uploads\/2024\/07\/logo_le_temps_2020.png\" class=\"wpex-align-middle skip-lazy\" alt=\"\" data-no-lazy=\"1\" \/><\/a><\/div><div class=\"wpex-carousel-entry-details entry-details wpex-boxed wpex-first-mt-0 wpex-last-mb-0 wpex-clr vc_custom_1601551348774\"><div class=\"wpex-carousel-entry-title entry-title wpex-mb-5 wpex-child-inherit-color\"><a href=\"https:\/\/www.covalence.ch\/index.php\/2025\/12\/01\/finance-durable-le-defi-dagir-au-niveau-local\/\">Finance durable: le d\u00e9fi d\u2019agir au niveau local<\/a><\/div><div class=\"wpex-carousel-entry-date vcex-blog-entry-date entry-date wpex-text-sm wpex-text-3 wpex-mb-5\">1 December 2025<\/div><div class=\"wpex-carousel-entry-excerpt entry-excerpt wpex-my-15 wpex-text-pretty wpex-last-mb-0 wpex-clr\"><p>OPINION. Les placements durables, qui int\u00e9ressent entre 5% et 50% des clients des banques, s\u2019orientent&hellip;<\/p><\/div><div class=\"wpex-carousel-entry-button entry-readmore-wrap wpex-my-15 wpex-clr\"><a href=\"https:\/\/www.covalence.ch\/index.php\/2025\/12\/01\/finance-durable-le-defi-dagir-au-niveau-local\/\" class=\"entry-readmore theme-button\" aria-label=\"More about Finance durable: le d\u00e9fi d\u2019agir au niveau local\">More<\/a><\/div><\/div><\/div><\/div>[\/vc_column][\/vc_row][vc_column width=&#8221;1\/4&#8243;][\/vc_column][vc_column width=&#8221;1\/4&#8243;][\/vc_column][vc_column width=&#8221;1\/4&#8243;][\/vc_column][vc_column width=&#8221;1\/4&#8243;][\/vc_column][vc_column width=&#8221;1\/4&#8243;][\/vc_column][vc_column width=&#8221;1\/4&#8243;][\/vc_column][vc_column width=&#8221;1\/4&#8243;][\/vc_column][vc_column width=&#8221;1\/4&#8243;][\/vc_column][vc_column width=&#8221;1\/4&#8243;][\/vc_column][vc_column width=&#8221;1\/4&#8243;][\/vc_column][vc_column width=&#8221;1\/4&#8243;][\/vc_column][vc_column width=&#8221;1\/4&#8243;][\/vc_column]\n<\/div>","protected":false},"excerpt":{"rendered":"<p>[vc_row full_width=&#8221;stretch_row&#8221;][vc_column][vc_empty_space][\/vc_column][\/vc_row][vc_row full_width=&#8221;stretch_row&#8221; css=&#8221;.vc_custom_1593006183114{background-color: #ffffff !important;}&#8221;][vc_column][vc_empty_space][vc_column_text css=&#8221;&#8221; font_size=&#8221;18&#8243;]Founded in Geneva in 2001, Covalence evaluates the environmental, social and governance (ESG) performance of thousands of companies around the world, with a focus on media analysis and social issues. We provide professional investors with ESG ratings and data to monitor portfolios, define investment universes, track controversies, manage&hellip;<\/p>\n","protected":false},"author":665,"featured_media":0,"parent":0,"menu_order":0,"comment_status":"closed","ping_status":"closed","template":"","meta":{"_exactmetrics_skip_tracking":false,"_exactmetrics_sitenote_active":false,"_exactmetrics_sitenote_note":"","_exactmetrics_sitenote_category":0,"footnotes":""},"class_list":["post-9797","page","type-page","status-publish","hentry","entry","has-media"],"_links":{"self":[{"href":"https:\/\/www.covalence.ch\/index.php\/wp-json\/wp\/v2\/pages\/9797","targetHints":{"allow":["GET"]}}],"collection":[{"href":"https:\/\/www.covalence.ch\/index.php\/wp-json\/wp\/v2\/pages"}],"about":[{"href":"https:\/\/www.covalence.ch\/index.php\/wp-json\/wp\/v2\/types\/page"}],"author":[{"embeddable":true,"href":"https:\/\/www.covalence.ch\/index.php\/wp-json\/wp\/v2\/users\/665"}],"replies":[{"embeddable":true,"href":"https:\/\/www.covalence.ch\/index.php\/wp-json\/wp\/v2\/comments?post=9797"}],"version-history":[{"count":60,"href":"https:\/\/www.covalence.ch\/index.php\/wp-json\/wp\/v2\/pages\/9797\/revisions"}],"predecessor-version":[{"id":15696,"href":"https:\/\/www.covalence.ch\/index.php\/wp-json\/wp\/v2\/pages\/9797\/revisions\/15696"}],"wp:attachment":[{"href":"https:\/\/www.covalence.ch\/index.php\/wp-json\/wp\/v2\/media?parent=9797"}],"curies":[{"name":"wp","href":"https:\/\/api.w.org\/{rel}","templated":true}]}}