{"id":15584,"date":"2025-05-06T12:09:10","date_gmt":"2025-05-06T11:09:10","guid":{"rendered":"https:\/\/www.covalence.ch\/?page_id=15584"},"modified":"2025-05-06T12:09:12","modified_gmt":"2025-05-06T11:09:12","slug":"matthias-brunner","status":"publish","type":"page","link":"https:\/\/www.covalence.ch\/index.php\/about-us\/team\/matthias-brunner\/","title":{"rendered":"Matthias Brunner"},"content":{"rendered":"<p style=\"text-align: justify;\"><img loading=\"lazy\" decoding=\"async\" class=\"size-full wp-image-13140 alignright\" src=\"https:\/\/www.covalence.ch\/wp-content\/uploads\/2017\/10\/Matthias250-1.png\" alt=\"\" width=\"250\" height=\"222\" \/>Matthias Brunner (1968) est sp\u00e9cialiste en design d&#8217;enqu\u00eates d&#8217;opinion et analyse de donn\u00e9es. Il est titulaire d&#8217;un MA en science politique de l&#8217;Universit\u00e9 de Gen\u00e8ve et a enseign\u00e9 dans cette universit\u00e9 ainsi qu&#8217;\u00e0 l&#8217;Institut de hautes \u00e9tudes internationales et du d\u00e9veloppement.<\/p>\n<p style=\"text-align: justify;\">Matthias est co-fondateur et associ\u00e9 g\u00e9rant de <a href=\"https:\/\/www.satiscan.com\" target=\"_blank\" rel=\"noopener noreferrer\">Satiscan<\/a>, soci\u00e9t\u00e9 genevoise sp\u00e9cialis\u00e9e dans les sondages, enqu\u00eates d&#8217;opinion et d\u00e9veloppements informatiques au service de la collecte et de l&#8217;analyse de donn\u00e9es.<\/p>\n<p style=\"text-align: justify;\">Associ\u00e9 de Covalence depuis 2002, Matthias a contribu\u00e9 au d\u00e9veloppement de notre base de donn\u00e9es et de nos outils informatiques.\u00a0Satiscan g\u00e8re l&#8217;infrastructure informatique de Covalence et assure le d\u00e9veloppement et la maintenance de nos sites web.<\/p>\n","protected":false},"excerpt":{"rendered":"<p>Matthias Brunner (1968) est sp\u00e9cialiste en design d&#8217;enqu\u00eates d&#8217;opinion et analyse de donn\u00e9es. Il est titulaire d&#8217;un MA en science politique de l&#8217;Universit\u00e9 de Gen\u00e8ve et a enseign\u00e9 dans cette universit\u00e9 ainsi qu&#8217;\u00e0 l&#8217;Institut de hautes \u00e9tudes internationales et du d\u00e9veloppement. Matthias est co-fondateur et associ\u00e9 g\u00e9rant de Satiscan, soci\u00e9t\u00e9 genevoise sp\u00e9cialis\u00e9e dans les sondages,&hellip;<\/p>\n","protected":false},"author":665,"featured_media":0,"parent":15,"menu_order":0,"comment_status":"closed","ping_status":"closed","template":"","meta":{"_exactmetrics_skip_tracking":false,"_exactmetrics_sitenote_active":false,"_exactmetrics_sitenote_note":"","_exactmetrics_sitenote_category":0,"footnotes":""},"class_list":["post-15584","page","type-page","status-publish","hentry","entry","no-media"],"_links":{"self":[{"href":"https:\/\/www.covalence.ch\/index.php\/wp-json\/wp\/v2\/pages\/15584","targetHints":{"allow":["GET"]}}],"collection":[{"href":"https:\/\/www.covalence.ch\/index.php\/wp-json\/wp\/v2\/pages"}],"about":[{"href":"https:\/\/www.covalence.ch\/index.php\/wp-json\/wp\/v2\/types\/page"}],"author":[{"embeddable":true,"href":"https:\/\/www.covalence.ch\/index.php\/wp-json\/wp\/v2\/users\/665"}],"replies":[{"embeddable":true,"href":"https:\/\/www.covalence.ch\/index.php\/wp-json\/wp\/v2\/comments?post=15584"}],"version-history":[{"count":1,"href":"https:\/\/www.covalence.ch\/index.php\/wp-json\/wp\/v2\/pages\/15584\/revisions"}],"predecessor-version":[{"id":15585,"href":"https:\/\/www.covalence.ch\/index.php\/wp-json\/wp\/v2\/pages\/15584\/revisions\/15585"}],"up":[{"embeddable":true,"href":"https:\/\/www.covalence.ch\/index.php\/wp-json\/wp\/v2\/pages\/15"}],"wp:attachment":[{"href":"https:\/\/www.covalence.ch\/index.php\/wp-json\/wp\/v2\/media?parent=15584"}],"curies":[{"name":"wp","href":"https:\/\/api.w.org\/{rel}","templated":true}]}}