{"id":15580,"date":"2025-05-06T12:07:32","date_gmt":"2025-05-06T11:07:32","guid":{"rendered":"https:\/\/www.covalence.ch\/?page_id=15580"},"modified":"2025-05-06T12:07:34","modified_gmt":"2025-05-06T11:07:34","slug":"patrick-ruch","status":"publish","type":"page","link":"https:\/\/www.covalence.ch\/index.php\/fr\/a-propos\/equipe\/patrick-ruch\/","title":{"rendered":"Patrick Ruch"},"content":{"rendered":"<p style=\"text-align: justify;\"><img loading=\"lazy\" decoding=\"async\" class=\"alignright size-full wp-image-11238\" src=\"http:\/\/www.covalence.ch\/wp-content\/uploads\/2017\/10\/PatrickRuch250.png\" alt=\"\" width=\"250\" height=\"250\" srcset=\"https:\/\/www.covalence.ch\/wp-content\/uploads\/2017\/10\/PatrickRuch250.png 250w, https:\/\/www.covalence.ch\/wp-content\/uploads\/2017\/10\/PatrickRuch250-150x150.png 150w\" sizes=\"auto, (max-width: 250px) 100vw, 250px\" \/>Patrick Ruch est un conseiller scientifique de Covalence. Ses conseils portent sur diff\u00e9rents domaines de l&#8217;intelligence artificielle comme l&#8217;extraction de connaissances, les sciences de l&#8217;information, la repr\u00e9sentation du savoir et le traitement du langage naturel.<\/p>\n<p style=\"text-align: justify;\">Patrick Ruch est professeur \u00e0 la Haute \u00e9cole de gestion de Gen\u00e8ve, o\u00f9 il dirige une \u00e9quipe sp\u00e9cialis\u00e9e dans l&#8217;extraction d&#8217;information en ligne, la fouille de donn\u00e9es et la repr\u00e9sentation des connaissances. Auparavant il a travaill\u00e9 dans le lab d&#8217;IBM \u00e0 Zurich et a \u00e9t\u00e9 chercheur associ\u00e9 \u00e0 l&#8217;EPFL.<\/p>\n<p style=\"text-align: justify;\">Patrick d\u00e9tient un PhD en sciences de l&#8217;Universit\u00e9 de Gen\u00e8ve et un bachelor en sciences de l&#8217;information de l&#8217;Universit\u00e9 Paris-Est (Marne la Vall\u00e9e\/Conservatoire National des Arts et M\u00e9tiers).<\/p>\n\n<p>&nbsp;<\/p>\n","protected":false},"excerpt":{"rendered":"<p>Patrick Ruch est un conseiller scientifique de Covalence. Ses conseils portent sur diff\u00e9rents domaines de l&#8217;intelligence artificielle comme l&#8217;extraction de connaissances, les sciences de l&#8217;information, la repr\u00e9sentation du savoir et le traitement du langage naturel. Patrick Ruch est professeur \u00e0 la Haute \u00e9cole de gestion de Gen\u00e8ve, o\u00f9 il dirige une \u00e9quipe sp\u00e9cialis\u00e9e dans l&#8217;extraction&hellip;<\/p>\n","protected":false},"author":665,"featured_media":0,"parent":14439,"menu_order":0,"comment_status":"closed","ping_status":"closed","template":"","meta":{"_exactmetrics_skip_tracking":false,"_exactmetrics_sitenote_active":false,"_exactmetrics_sitenote_note":"","_exactmetrics_sitenote_category":0,"footnotes":""},"class_list":["post-15580","page","type-page","status-publish","hentry","entry","no-media"],"_links":{"self":[{"href":"https:\/\/www.covalence.ch\/index.php\/wp-json\/wp\/v2\/pages\/15580","targetHints":{"allow":["GET"]}}],"collection":[{"href":"https:\/\/www.covalence.ch\/index.php\/wp-json\/wp\/v2\/pages"}],"about":[{"href":"https:\/\/www.covalence.ch\/index.php\/wp-json\/wp\/v2\/types\/page"}],"author":[{"embeddable":true,"href":"https:\/\/www.covalence.ch\/index.php\/wp-json\/wp\/v2\/users\/665"}],"replies":[{"embeddable":true,"href":"https:\/\/www.covalence.ch\/index.php\/wp-json\/wp\/v2\/comments?post=15580"}],"version-history":[{"count":1,"href":"https:\/\/www.covalence.ch\/index.php\/wp-json\/wp\/v2\/pages\/15580\/revisions"}],"predecessor-version":[{"id":15581,"href":"https:\/\/www.covalence.ch\/index.php\/wp-json\/wp\/v2\/pages\/15580\/revisions\/15581"}],"up":[{"embeddable":true,"href":"https:\/\/www.covalence.ch\/index.php\/wp-json\/wp\/v2\/pages\/14439"}],"wp:attachment":[{"href":"https:\/\/www.covalence.ch\/index.php\/wp-json\/wp\/v2\/media?parent=15580"}],"curies":[{"name":"wp","href":"https:\/\/api.w.org\/{rel}","templated":true}]}}