{"id":15570,"date":"2025-05-06T11:57:38","date_gmt":"2025-05-06T10:57:38","guid":{"rendered":"https:\/\/www.covalence.ch\/?page_id=15570"},"modified":"2025-05-06T11:57:40","modified_gmt":"2025-05-06T10:57:40","slug":"marc-rochat","status":"publish","type":"page","link":"https:\/\/www.covalence.ch\/index.php\/about-us\/team\/marc-rochat\/","title":{"rendered":"Marc Rochat"},"content":{"rendered":"<p style=\"text-align: justify;\"><img loading=\"lazy\" decoding=\"async\" class=\"alignright size-full wp-image-12193\" src=\"http:\/\/www.covalence.ch\/wp-content\/uploads\/2017\/09\/Marc_250-250_07.02.2018.png\" alt=\"\" width=\"250\" height=\"250\" srcset=\"https:\/\/www.covalence.ch\/wp-content\/uploads\/2017\/09\/Marc_250-250_07.02.2018.png 250w, https:\/\/www.covalence.ch\/wp-content\/uploads\/2017\/09\/Marc_250-250_07.02.2018-150x150.png 150w, https:\/\/www.covalence.ch\/wp-content\/uploads\/2017\/09\/Marc_250-250_07.02.2018-125x125.png 125w\" sizes=\"auto, (max-width: 250px) 100vw, 250px\" \/>Marc Rochat est co-fondateur et associ\u00e9 de Covalence SA.<\/p>\n<p style=\"text-align: justify;\">Il coordonne le d\u00e9veloppement des solutions informatiques pour l&#8217;extraction et la classification de contenu narratif, s&#8217;appuyant sur des outils d&#8217;intelligence artificielle comme l&#8217;extraction de donn\u00e9es en ligne, le traitement du langage naturel et l&#8217;apprentissage automatique.<\/p>\n<p style=\"text-align: justify;\">Marc Rochat (1970), form\u00e9 en sciences sociales, a dans le pass\u00e9 travaill\u00e9 dans la finance comme broker en produits d\u00e9riv\u00e9s. Pour Covalence il contribue aussi au design et au d\u00e9veloppement d&#8217;outils de notation ESG et de solutions d&#8217;investissement.<\/p>\n","protected":false},"excerpt":{"rendered":"<p>Marc Rochat est co-fondateur et associ\u00e9 de Covalence SA. Il coordonne le d\u00e9veloppement des solutions informatiques pour l&#8217;extraction et la classification de contenu narratif, s&#8217;appuyant sur des outils d&#8217;intelligence artificielle comme l&#8217;extraction de donn\u00e9es en ligne, le traitement du langage naturel et l&#8217;apprentissage automatique. Marc Rochat (1970), form\u00e9 en sciences sociales, a dans le pass\u00e9&hellip;<\/p>\n","protected":false},"author":665,"featured_media":0,"parent":15,"menu_order":0,"comment_status":"closed","ping_status":"closed","template":"","meta":{"_exactmetrics_skip_tracking":false,"_exactmetrics_sitenote_active":false,"_exactmetrics_sitenote_note":"","_exactmetrics_sitenote_category":0,"footnotes":""},"class_list":["post-15570","page","type-page","status-publish","hentry","entry","no-media"],"_links":{"self":[{"href":"https:\/\/www.covalence.ch\/index.php\/wp-json\/wp\/v2\/pages\/15570","targetHints":{"allow":["GET"]}}],"collection":[{"href":"https:\/\/www.covalence.ch\/index.php\/wp-json\/wp\/v2\/pages"}],"about":[{"href":"https:\/\/www.covalence.ch\/index.php\/wp-json\/wp\/v2\/types\/page"}],"author":[{"embeddable":true,"href":"https:\/\/www.covalence.ch\/index.php\/wp-json\/wp\/v2\/users\/665"}],"replies":[{"embeddable":true,"href":"https:\/\/www.covalence.ch\/index.php\/wp-json\/wp\/v2\/comments?post=15570"}],"version-history":[{"count":1,"href":"https:\/\/www.covalence.ch\/index.php\/wp-json\/wp\/v2\/pages\/15570\/revisions"}],"predecessor-version":[{"id":15571,"href":"https:\/\/www.covalence.ch\/index.php\/wp-json\/wp\/v2\/pages\/15570\/revisions\/15571"}],"up":[{"embeddable":true,"href":"https:\/\/www.covalence.ch\/index.php\/wp-json\/wp\/v2\/pages\/15"}],"wp:attachment":[{"href":"https:\/\/www.covalence.ch\/index.php\/wp-json\/wp\/v2\/media?parent=15570"}],"curies":[{"name":"wp","href":"https:\/\/api.w.org\/{rel}","templated":true}]}}