{"id":15563,"date":"2025-05-05T17:38:46","date_gmt":"2025-05-05T16:38:46","guid":{"rendered":"https:\/\/www.covalence.ch\/?page_id=15563"},"modified":"2025-05-05T17:42:59","modified_gmt":"2025-05-05T16:42:59","slug":"antoine-mach","status":"publish","type":"page","link":"https:\/\/www.covalence.ch\/index.php\/fr\/a-propos\/equipe\/antoine-mach\/","title":{"rendered":"Antoine Mach"},"content":{"rendered":"<p style=\"text-align: justify;\"><img loading=\"lazy\" decoding=\"async\" class=\"alignright size-full wp-image-11944\" src=\"http:\/\/www.ethicalquote.com\/newTemplate\/wp-content\/uploads\/2017\/10\/Antoine250-11.png\" alt=\"\" width=\"250\" height=\"250\" srcset=\"https:\/\/www.covalence.ch\/wp-content\/uploads\/2017\/10\/Antoine250-11.png 250w, https:\/\/www.covalence.ch\/wp-content\/uploads\/2017\/10\/Antoine250-11-150x150.png 150w, https:\/\/www.covalence.ch\/wp-content\/uploads\/2017\/10\/Antoine250-11-125x125.png 125w\" sizes=\"auto, (max-width: 250px) 100vw, 250px\" \/>Antoine Mach est co-fondateur et associ\u00e9-g\u00e9rant de <a href=\"http:\/\/www.ethicalquote.com\/\">Covalence SA<\/a>.<\/p>\n<p style=\"text-align: justify;\">Comme co-directeur du <a href=\"https:\/\/www.hesge.ch\/heg\/formation-continue\/cas\/sf\/training-programme-sustainable-finance\" target=\"_blank\" rel=\"noopener noreferrer\">CAS Sustainable Finance<\/a> offert par la Haute \u00e9cole de gestion de Gen\u00e8ve (HEG), Antoine a re\u00e7u le prix de la meilleure innovation p\u00e9dagogique lors des <a href=\"https:\/\/www.fir-pri-awards.org\/\" target=\"_blank\" rel=\"noopener noreferrer\">FIR-PRI Finance &amp; Sustainability Awards 2019<\/a> avec le Prof. Andrea Baranzini and Jean Laville. Antoine est \u00e9galement directeur du programme Certificat ISFB Finance Durable propos\u00e9 par l&#8217;<a href=\"https:\/\/www.isfb.ch\" target=\"_blank\" rel=\"noopener\">ISFB, Institut sup\u00e9rieur de formation bancaire<\/a>.<\/p>\n<p>Antoine Mach publie r\u00e9guli\u00e8rement des chroniques sur la finance durable dans <a href=\"https:\/\/www.letemps.ch\/profil\/antoine-mach-1\" target=\"_blank\" rel=\"noopener\">Le Temps<\/a> et sur <a href=\"https:\/\/illuminem.com\/illuminemvoicesprofile\/antoine-mach\" target=\"_blank\" rel=\"noopener\">illuminem<\/a>. Il figure parmi les <a href=\"https:\/\/illuminem.com\/illuminemvoices\/top-10-mostread-thought-leaders-of-2024-in-esg\" target=\"_blank\" rel=\"noopener\">TOP 10 Most-Read Thought Leaders of 2024 in ESG<\/a>.<\/p>\n<p style=\"text-align: justify;\">Repr\u00e9sentant Covalence, Antoine a figur\u00e9 parmi les <a href=\"http:\/\/www.ethicalquote.com\/docs\/2009s100MostInfluentialPeopleinBusinessEthics_EthisphereInstitute.htm#75\" target=\"_blank\" rel=\"noopener noreferrer\">Ethisphere 2009\u2019s 100 Most Influential People in Business Ethics<\/a>, a \u00e9t\u00e9 <a href=\"http:\/\/www.ethicalquote.com\/docs\/EntrepreneurSocialSuisse2005.pdf\" target=\"_blank\" rel=\"noopener noreferrer\">Finaliste de l\u2019Entrepreneur Social de l\u2019Ann\u00e9e<\/a> (Fondation Schwab, Suisse, 2005) et a re\u00e7u le <a href=\"http:\/\/www.covalence.ch\/docs\/brochure2015_web-2.pdf\" target=\"_blank\" rel=\"noopener noreferrer\">Prix cantonal du d\u00e9veloppement durable<\/a> (Gen\u00e8ve, 2004).<\/p>\n<p style=\"text-align: justify;\">Antoine est co-fondateur de <a href=\"http:\/\/www.sfgeneva.org\/\" target=\"_blank\" rel=\"noopener noreferrer\">Sustainable Finance Geneva<\/a>, une association oeuvrant \u00e0 la promotion de la durabilit\u00e9 et de la responsabilit\u00e9 au sein de la communaut\u00e9 financi\u00e8re genevoise. Il est aussi membre du conseil de la <a href=\"https:\/\/www.easra.org\/\" target=\"_blank\" rel=\"noopener\"><span class=\"t-14 t-normal\"><span aria-hidden=\"true\">European Association of Sustainability Rating Agencies<\/span><\/span> (EASRA)<\/a>.<\/p>\n<p style=\"text-align: justify;\">Titulaire d\u2019un dipl\u00f4me de science politique de l\u2019Universit\u00e9 de Gen\u00e8ve, Antoine Mach (1968) a \u00e9t\u00e9 assistant au D\u00e9partement de science politique de cette universit\u00e9, journaliste freelance et chercheur pour la fondation Antenna International. Il est l\u2019auteur de <a href=\"https:\/\/www.covalence.ch\/docs\/Swiss-business-and-human-rights_Antoine-Mach.pdf\" target=\"_blank\" rel=\"noopener noreferrer\">Entreprises suisses et droits de l\u2019homme : confrontations et partenariats avec les ONG<\/a> (Editions universitaires de Fribourg, 2001).<\/p>\n","protected":false},"excerpt":{"rendered":"<p>Antoine Mach est co-fondateur et associ\u00e9-g\u00e9rant de Covalence SA. Comme co-directeur du CAS Sustainable Finance offert par la Haute \u00e9cole de gestion de Gen\u00e8ve (HEG), Antoine a re\u00e7u le prix de la meilleure innovation p\u00e9dagogique lors des FIR-PRI Finance &amp; Sustainability Awards 2019 avec le Prof. Andrea Baranzini and Jean Laville. Antoine est \u00e9galement directeur&hellip;<\/p>\n","protected":false},"author":569,"featured_media":0,"parent":14439,"menu_order":0,"comment_status":"closed","ping_status":"closed","template":"","meta":{"_exactmetrics_skip_tracking":false,"_exactmetrics_sitenote_active":false,"_exactmetrics_sitenote_note":"","_exactmetrics_sitenote_category":0,"footnotes":""},"class_list":["post-15563","page","type-page","status-publish","hentry","entry","no-media"],"_links":{"self":[{"href":"https:\/\/www.covalence.ch\/index.php\/wp-json\/wp\/v2\/pages\/15563","targetHints":{"allow":["GET"]}}],"collection":[{"href":"https:\/\/www.covalence.ch\/index.php\/wp-json\/wp\/v2\/pages"}],"about":[{"href":"https:\/\/www.covalence.ch\/index.php\/wp-json\/wp\/v2\/types\/page"}],"author":[{"embeddable":true,"href":"https:\/\/www.covalence.ch\/index.php\/wp-json\/wp\/v2\/users\/569"}],"replies":[{"embeddable":true,"href":"https:\/\/www.covalence.ch\/index.php\/wp-json\/wp\/v2\/comments?post=15563"}],"version-history":[{"count":2,"href":"https:\/\/www.covalence.ch\/index.php\/wp-json\/wp\/v2\/pages\/15563\/revisions"}],"predecessor-version":[{"id":15565,"href":"https:\/\/www.covalence.ch\/index.php\/wp-json\/wp\/v2\/pages\/15563\/revisions\/15565"}],"up":[{"embeddable":true,"href":"https:\/\/www.covalence.ch\/index.php\/wp-json\/wp\/v2\/pages\/14439"}],"wp:attachment":[{"href":"https:\/\/www.covalence.ch\/index.php\/wp-json\/wp\/v2\/media?parent=15563"}],"curies":[{"name":"wp","href":"https:\/\/api.w.org\/{rel}","templated":true}]}}