{"id":15,"date":"2007-01-12T13:17:50","date_gmt":"2007-01-12T12:17:50","guid":{"rendered":"http:\/\/localhost\/covdev2\/?page_id=15"},"modified":"2025-04-29T16:01:52","modified_gmt":"2025-04-29T15:01:52","slug":"team","status":"publish","type":"page","link":"https:\/\/www.covalence.ch\/index.php\/about-us\/team\/","title":{"rendered":"Team"},"content":{"rendered":"<div class=\"wpb-content-wrapper\">[vc_row][vc_column]<style>.vcex-heading.vcex_69df6be16892c{color:#686868;font-size:18px;}<\/style><div class=\"vcex-heading vcex-heading-plain vcex-module wpex-heading wpex-text-2xl wpex-mb-15 vcex_69df6be16892c\"><span class=\"vcex-heading-inner wpex-inline-block\">Partners<\/span><\/div><div class=\"vcex-module vcex-staff-grid-wrap wpex-clr\"><div class=\"wpex-row vcex-staff-grid entries wpex-clr\"><div class=\"staff-entry vcex-grid-item span_1_of_2 col col-1 has-readmore entry post-11203 type-staff has-media language-838 post_translations-1686 cat-829\"><div class=\"staff-entry-inner entry-inner wpex-first-mt-0 wpex-last-mb-0 wpex-clr\"><div class=\"staff-entry-media entry-media wpex-relative wpex-mb-20\"><a href=\"https:\/\/www.covalence.ch\/index.php\/staff-member\/antoine-mach\/\" title=\"Antoine Mach\" class=\"staff-entry-media-link\"><img width=\"250\" height=\"250\" src=\"https:\/\/www.covalence.ch\/wp-content\/uploads\/2017\/10\/Antoine250-11.png\" class=\"staff-entry-media-img staff-entry-img wpex-align-middle wpex-align-middle\" alt=\"\" loading=\"lazy\" decoding=\"async\" srcset=\"https:\/\/www.covalence.ch\/wp-content\/uploads\/2017\/10\/Antoine250-11.png 250w, https:\/\/www.covalence.ch\/wp-content\/uploads\/2017\/10\/Antoine250-11-150x150.png 150w, https:\/\/www.covalence.ch\/wp-content\/uploads\/2017\/10\/Antoine250-11-125x125.png 125w\" sizes=\"auto, (max-width: 250px) 100vw, 250px\" \/><\/a><\/div><div class=\"staff-entry-details entry-details wpex-first-mt-0 wpex-last-mb-0 wpex-clr\"><h2 class=\"staff-entry-title entry-title wpex-mb-5\"><a href=\"https:\/\/www.covalence.ch\/index.php\/staff-member\/antoine-mach\/\">Antoine Mach<\/a><\/h2><div class=\"staff-entry-excerpt entry-excerpt wpex-my-15 wpex-text-pretty wpex-last-mb-0 wpex-clr\"><p>Antoine Mach is co-founder and managing partner of Covalence SA. As co-manager of the CAS Sustainable Finance of Haute \u00e9cole de gestion de Gen\u00e8ve (HEG), Antoine received the prize for&hellip;<\/p><\/div><div class=\"staff-entry-readmore-wrap entry-readmore-wrap wpex-my-15 wpex-clr\"><a href=\"https:\/\/www.covalence.ch\/index.php\/staff-member\/antoine-mach\/\" class=\"theme-button\" aria-label=\"More about Antoine Mach\">More<\/a><\/div><\/div><\/div><\/div><div class=\"staff-entry vcex-grid-item span_1_of_2 col col-2 has-readmore entry post-14486 type-staff has-media language-841 post_translations-1686 cat-829 has-redirect\"><div class=\"staff-entry-inner entry-inner wpex-first-mt-0 wpex-last-mb-0 wpex-clr\"><div class=\"staff-entry-media entry-media wpex-relative wpex-mb-20\"><a href=\"https:\/\/www.covalence.ch\/index.php\/fr\/a-propos\/equipe\/antoine-mach\/\" title=\"Antoine Mach\" class=\"staff-entry-media-link\"><img width=\"250\" height=\"250\" src=\"https:\/\/www.covalence.ch\/wp-content\/uploads\/2017\/10\/Antoine250-11.png\" class=\"staff-entry-media-img staff-entry-img wpex-align-middle wpex-align-middle\" alt=\"\" loading=\"lazy\" decoding=\"async\" srcset=\"https:\/\/www.covalence.ch\/wp-content\/uploads\/2017\/10\/Antoine250-11.png 250w, https:\/\/www.covalence.ch\/wp-content\/uploads\/2017\/10\/Antoine250-11-150x150.png 150w, https:\/\/www.covalence.ch\/wp-content\/uploads\/2017\/10\/Antoine250-11-125x125.png 125w\" sizes=\"auto, (max-width: 250px) 100vw, 250px\" \/><\/a><\/div><div class=\"staff-entry-details entry-details wpex-first-mt-0 wpex-last-mb-0 wpex-clr\"><h2 class=\"staff-entry-title entry-title wpex-mb-5\"><a href=\"https:\/\/www.covalence.ch\/index.php\/fr\/a-propos\/equipe\/antoine-mach\/\">Antoine Mach<\/a><\/h2><div class=\"staff-entry-excerpt entry-excerpt wpex-my-15 wpex-text-pretty wpex-last-mb-0 wpex-clr\"><p>Antoine Mach est co-fondateur et associ\u00e9-g\u00e9rant de Covalence SA. Comme co-directeur du CAS Sustainable Finance offert par la Haute \u00e9cole de gestion de Gen\u00e8ve (HEG), Antoine a re\u00e7u le prix&hellip;<\/p><\/div><div class=\"staff-entry-readmore-wrap entry-readmore-wrap wpex-my-15 wpex-clr\"><a href=\"https:\/\/www.covalence.ch\/index.php\/fr\/a-propos\/equipe\/antoine-mach\/\" class=\"theme-button\" aria-label=\"More about Antoine Mach\">More<\/a><\/div><\/div><\/div><\/div><\/div><\/div>[\/vc_column][\/vc_row][vc_row full_width=&#8221;stretch_row&#8221; css=&#8221;.vc_custom_1512476144597{background-color: #ffffff !important;}&#8221;][vc_column]<style>.vcex-heading.vcex_69df6be17158e{color:#686868;font-size:18px;}<\/style><div class=\"vcex-heading vcex-heading-plain vcex-module wpex-heading wpex-text-2xl wpex-mb-15 vc_custom_1671034750823 vcex_69df6be17158e\"><span class=\"vcex-heading-inner wpex-inline-block\">Interns<\/span><\/div>[vc_column_text css=&#8221;.vc_custom_1671034823806{margin-bottom: 25px !important;}&#8221;]Covalence offers internship opportunities to students who can gain an experience as ESG information analyst, in partnership with several <a href=\"http:\/\/www.covalence.ch\/index.php\/about-us\/team\/academic-partners\/\">universities<\/a> worldwide and in accordance with the <a href=\"https:\/\/www.ge.ch\/engager-personne-stage\" target=\"_blank\" rel=\"noopener\">criteria<\/a> adopted by the Conseil de surveillance du march\u00e9 de l\u2019emploi of the Canton of Geneva.[\/vc_column_text]<div class=\"vc_custom_1507303258812 wpex-clr\"><a href=\"mailto:a&#110;t&#111;&#105;&#110;e.&#109;&#097;c&#104;&#064;&#099;o&#118;alen&#099;e&#046;ch?su&#098;je&#099;&#116;=&#073;&#110;t&#101;rn&#115;h&#105;&#112;\" class=\"vcex-button theme-button align-left inline\"><span class=\"vcex-button-inner theme-button-inner wpex-flex wpex-flex-wrap wpex-items-center wpex-justify-center\">Contact<\/span><\/a><\/div> [\/vc_column][\/vc_row][vc_row full_width=&#8221;stretch_row&#8221;][vc_column]<style>.vcex-heading.vcex_69df6be172e02{color:#686868;font-size:18px;}<\/style><div class=\"vcex-heading vcex-heading-plain vcex-module wpex-heading wpex-text-2xl wpex-mb-15 vc_custom_1671034758602 vcex_69df6be172e02\"><span class=\"vcex-heading-inner wpex-inline-block\">Advisors<\/span><\/div><div class=\"vcex-module vcex-staff-grid-wrap wpex-clr\"><div class=\"wpex-row vcex-staff-grid entries wpex-clr\"><div class=\"staff-entry vcex-grid-item span_1_of_3 col col-1 has-readmore entry post-14589 type-staff has-media language-841 post_translations-1714 cat-836 has-redirect\"><div class=\"staff-entry-inner entry-inner wpex-first-mt-0 wpex-last-mb-0 wpex-clr\"><div class=\"staff-entry-media entry-media wpex-relative wpex-mb-20\"><a href=\"https:\/\/www.covalence.ch\/index.php\/fr\/a-propos\/equipe\/vincent-ossipow-2\/\" title=\"Vincent Ossipow\" class=\"staff-entry-media-link\"><img width=\"250\" height=\"247\" src=\"https:\/\/www.covalence.ch\/wp-content\/uploads\/2017\/06\/Vincent_Ossipow2501.png\" class=\"staff-entry-media-img staff-entry-img wpex-align-middle wpex-align-middle\" alt=\"\" loading=\"lazy\" decoding=\"async\" srcset=\"https:\/\/www.covalence.ch\/wp-content\/uploads\/2017\/06\/Vincent_Ossipow2501.png 250w, https:\/\/www.covalence.ch\/wp-content\/uploads\/2017\/06\/Vincent_Ossipow2501-125x125.png 125w\" sizes=\"auto, (max-width: 250px) 100vw, 250px\" \/><\/a><\/div><div class=\"staff-entry-details entry-details wpex-first-mt-0 wpex-last-mb-0 wpex-clr\"><h2 class=\"staff-entry-title entry-title wpex-mb-5\"><a href=\"https:\/\/www.covalence.ch\/index.php\/fr\/a-propos\/equipe\/vincent-ossipow-2\/\">Vincent Ossipow<\/a><\/h2><div class=\"staff-entry-excerpt entry-excerpt wpex-my-15 wpex-text-pretty wpex-last-mb-0 wpex-clr\"><p>Vincent Ossipow, Ph.D., CFA, est conseiller financier non-ex\u00e9cutif de Covalence depuis 2005. Il est associ\u00e9 de Omega Funds depuis 2014. Auparavant, Vincent a travaill\u00e9 pour Sectoral Asset Management, an investisseur&hellip;<\/p><\/div><div class=\"staff-entry-readmore-wrap entry-readmore-wrap wpex-my-15 wpex-clr\"><a href=\"https:\/\/www.covalence.ch\/index.php\/fr\/a-propos\/equipe\/vincent-ossipow-2\/\" class=\"theme-button\" aria-label=\"More about Vincent Ossipow\">More<\/a><\/div><\/div><\/div><\/div><div class=\"staff-entry vcex-grid-item span_1_of_3 col col-2 has-readmore entry post-14483 type-staff has-media language-841 post_translations-1685 cat-836 has-redirect\"><div class=\"staff-entry-inner entry-inner wpex-first-mt-0 wpex-last-mb-0 wpex-clr\"><div class=\"staff-entry-media entry-media wpex-relative wpex-mb-20\"><a href=\"https:\/\/www.covalence.ch\/index.php\/fr\/a-propos\/equipe\/patrick-ruch\/\" title=\"Patrick Ruch\" class=\"staff-entry-media-link\"><img width=\"250\" height=\"250\" src=\"https:\/\/www.covalence.ch\/wp-content\/uploads\/2017\/10\/PatrickRuch2501.png\" class=\"staff-entry-media-img staff-entry-img wpex-align-middle wpex-align-middle\" alt=\"\" loading=\"lazy\" decoding=\"async\" srcset=\"https:\/\/www.covalence.ch\/wp-content\/uploads\/2017\/10\/PatrickRuch2501.png 250w, https:\/\/www.covalence.ch\/wp-content\/uploads\/2017\/10\/PatrickRuch2501-150x150.png 150w, https:\/\/www.covalence.ch\/wp-content\/uploads\/2017\/10\/PatrickRuch2501-125x125.png 125w\" sizes=\"auto, (max-width: 250px) 100vw, 250px\" \/><\/a><\/div><div class=\"staff-entry-details entry-details wpex-first-mt-0 wpex-last-mb-0 wpex-clr\"><h2 class=\"staff-entry-title entry-title wpex-mb-5\"><a href=\"https:\/\/www.covalence.ch\/index.php\/fr\/a-propos\/equipe\/patrick-ruch\/\">Patrick Ruch<\/a><\/h2><div class=\"staff-entry-excerpt entry-excerpt wpex-my-15 wpex-text-pretty wpex-last-mb-0 wpex-clr\"><p>Patrick Ruch est un conseiller scientifique de Covalence. Ses conseils portent sur diff\u00e9rents domaines de l'intelligence artificielle comme l'extraction de connaissances, les sciences de l'information, la repr\u00e9sentation du savoir et&hellip;<\/p><\/div><div class=\"staff-entry-readmore-wrap entry-readmore-wrap wpex-my-15 wpex-clr\"><a href=\"https:\/\/www.covalence.ch\/index.php\/fr\/a-propos\/equipe\/patrick-ruch\/\" class=\"theme-button\" aria-label=\"More about Patrick Ruch\">More<\/a><\/div><\/div><\/div><\/div><div class=\"staff-entry vcex-grid-item span_1_of_3 col col-3 has-readmore entry post-14479 type-staff has-media language-841 post_translations-1684 cat-836 has-redirect\"><div class=\"staff-entry-inner entry-inner wpex-first-mt-0 wpex-last-mb-0 wpex-clr\"><div class=\"staff-entry-media entry-media wpex-relative wpex-mb-20\"><a href=\"https:\/\/www.covalence.ch\/index.php\/fr\/a-propos\/equipe\/matthias-brunner\/\" title=\"Matthias Brunner\" class=\"staff-entry-media-link\"><img width=\"250\" height=\"222\" src=\"https:\/\/www.covalence.ch\/wp-content\/uploads\/2017\/10\/Matthias2501.png\" class=\"staff-entry-media-img staff-entry-img wpex-align-middle wpex-align-middle\" alt=\"\" loading=\"lazy\" decoding=\"async\" \/><\/a><\/div><div class=\"staff-entry-details entry-details wpex-first-mt-0 wpex-last-mb-0 wpex-clr\"><h2 class=\"staff-entry-title entry-title wpex-mb-5\"><a href=\"https:\/\/www.covalence.ch\/index.php\/fr\/a-propos\/equipe\/matthias-brunner\/\">Matthias Brunner<\/a><\/h2><div class=\"staff-entry-excerpt entry-excerpt wpex-my-15 wpex-text-pretty wpex-last-mb-0 wpex-clr\"><p>Matthias Brunner (1968) est sp\u00e9cialiste en design d'enqu\u00eates d'opinion et analyse de donn\u00e9es. Il est titulaire d'un MA en science politique de l'Universit\u00e9 de Gen\u00e8ve et a enseign\u00e9 dans cette&hellip;<\/p><\/div><div class=\"staff-entry-readmore-wrap entry-readmore-wrap wpex-my-15 wpex-clr\"><a href=\"https:\/\/www.covalence.ch\/index.php\/fr\/a-propos\/equipe\/matthias-brunner\/\" class=\"theme-button\" aria-label=\"More about Matthias Brunner\">More<\/a><\/div><\/div><\/div><\/div><\/div><\/div>[\/vc_column][\/vc_row]\n<\/div>","protected":false},"excerpt":{"rendered":"<p>[vc_row][vc_column][\/vc_column][\/vc_row][vc_row full_width=&#8221;stretch_row&#8221; css=&#8221;.vc_custom_1512476144597{background-color: #ffffff !important;}&#8221;][vc_column][vc_column_text css=&#8221;.vc_custom_1671034823806{margin-bottom: 25px !important;}&#8221;]Covalence offers internship opportunities to students who can gain an experience as ESG information analyst, in partnership with several universities worldwide and in accordance with the criteria adopted by the Conseil de surveillance du march\u00e9 de l\u2019emploi of the Canton of Geneva.[\/vc_column_text][\/vc_column][\/vc_row][vc_row full_width=&#8221;stretch_row&#8221;][vc_column][\/vc_column][\/vc_row]<\/p>\n","protected":false},"author":665,"featured_media":0,"parent":12,"menu_order":0,"comment_status":"closed","ping_status":"closed","template":"","meta":{"_exactmetrics_skip_tracking":false,"_exactmetrics_sitenote_active":false,"_exactmetrics_sitenote_note":"","_exactmetrics_sitenote_category":0,"footnotes":""},"class_list":["post-15","page","type-page","status-publish","hentry","entry","has-media"],"_links":{"self":[{"href":"https:\/\/www.covalence.ch\/index.php\/wp-json\/wp\/v2\/pages\/15","targetHints":{"allow":["GET"]}}],"collection":[{"href":"https:\/\/www.covalence.ch\/index.php\/wp-json\/wp\/v2\/pages"}],"about":[{"href":"https:\/\/www.covalence.ch\/index.php\/wp-json\/wp\/v2\/types\/page"}],"author":[{"embeddable":true,"href":"https:\/\/www.covalence.ch\/index.php\/wp-json\/wp\/v2\/users\/665"}],"replies":[{"embeddable":true,"href":"https:\/\/www.covalence.ch\/index.php\/wp-json\/wp\/v2\/comments?post=15"}],"version-history":[{"count":9,"href":"https:\/\/www.covalence.ch\/index.php\/wp-json\/wp\/v2\/pages\/15\/revisions"}],"predecessor-version":[{"id":15559,"href":"https:\/\/www.covalence.ch\/index.php\/wp-json\/wp\/v2\/pages\/15\/revisions\/15559"}],"up":[{"embeddable":true,"href":"https:\/\/www.covalence.ch\/index.php\/wp-json\/wp\/v2\/pages\/12"}],"wp:attachment":[{"href":"https:\/\/www.covalence.ch\/index.php\/wp-json\/wp\/v2\/media?parent=15"}],"curies":[{"name":"wp","href":"https:\/\/api.w.org\/{rel}","templated":true}]}}