{"id":14436,"date":"2022-12-13T17:21:37","date_gmt":"2022-12-13T16:21:37","guid":{"rendered":"https:\/\/www.covalence.ch\/?page_id=14436"},"modified":"2024-01-12T10:50:41","modified_gmt":"2024-01-12T09:50:41","slug":"approche","status":"publish","type":"page","link":"https:\/\/www.covalence.ch\/index.php\/fr\/approche\/","title":{"rendered":"Approche"},"content":{"rendered":"<div class=\"wpb-content-wrapper\">[vc_row][vc_column][vc_column_text font_size=&#8221;18&#8243; css=&#8221;.vc_custom_1704992120695{margin-bottom: 18px !important;}&#8221;]\n<p style=\"text-align: justify;\">L\u2019approche de Covalence est bas\u00e9e sur une pluralit\u00e9 de sources d\u2019information et s\u2019appuie sur la veille en ligne, l\u2019intelligence artificielle et l\u2019analyse humaine.<\/p>\n<p>Pour produire des notations ESG, nous combinons une mesure de r\u00e9putation, traduisant la perception des parties prenantes telles que les m\u00e9dias et les ONG, \u00e0 la fois positive (approbations) et n\u00e9gative (controverses), et un score de divulgation, bas\u00e9 sur les indicateurs ESG rapport\u00e9s par les entreprises et provenant d&#8217;un fournisseur externe, ainsi que sur les communications d&#8217;entreprise.[\/vc_column_text][vc_single_image image=&#8221;14656&#8243; css=&#8221;.vc_custom_1705053037872{margin-top: 24px !important;margin-bottom: 24px !important;}&#8221;][vc_column_text font_size=&#8221;18&#8243; css=&#8221;.vc_custom_1704992350385{margin-bottom: 18px !important;}&#8221;]Covalence utilise <a href=\"https:\/\/www.covalence.ch\/index.php\/approach\/criteria\/\">50 crit\u00e8res<\/a> inspir\u00e9s des lignes directrices de la <a href=\"https:\/\/www.globalreporting.org\/\">Global Reporting Initiative<\/a> en mati\u00e8re de reporting sur le d\u00e9veloppement durable. Ces crit\u00e8res servent \u00e0 classifier le contenu narratif qui est recueilli gr\u00e2ce \u00e0 notre processus de recherche semi-automatique utilisant un large \u00e9ventail de sources.<\/p>\n<p>Les donn\u00e9es sont ensuite recod\u00e9es avec des centaines de sujets et de sous-sujets et organis\u00e9es en 11 dimensions au sein de 3 cat\u00e9gories : Environnement, Social, Gouvernance, ce qui permet de calculer des scores et notations ESG, ainsi qu&#8217;un indicateur de risque d&#8217;\u00e9coblanchiment.<\/p>\n<p>Pour plus d&#8217;information:<\/p>\n<ul>\n<li><a href=\"https:\/\/www.covalence.ch\/docs\/Covalence_ESG_Ratings_Methodolology.pdf\">Covalence ESG Ratings Methodolology<\/a><\/li>\n<li><a href=\"https:\/\/www.covalence.ch\/docs\/Covalence_ESG_News_CollectionandClassification_Methodology.pdf\">Covalence ESG News Collection and Classification Methodology<\/a><\/li>\n<li><a href=\"https:\/\/www.covalence.ch\/docs\/Covalence_GreenwashingRiskIndicator_WhitePaper.pdf\">Covalence Greenwashing Risk Indicator \u2013 White Paper<\/a><\/li>\n<\/ul>\n[\/vc_column_text][\/vc_column][\/vc_row]\n<\/div>","protected":false},"excerpt":{"rendered":"<p>[vc_row][vc_column][vc_column_text font_size=&#8221;18&#8243; css=&#8221;.vc_custom_1704992120695{margin-bottom: 18px !important;}&#8221;] L\u2019approche de Covalence est bas\u00e9e sur une pluralit\u00e9 de sources d\u2019information et s\u2019appuie sur la veille en ligne, l\u2019intelligence artificielle et l\u2019analyse humaine. Pour produire des notations ESG, nous combinons une mesure de r\u00e9putation, traduisant la perception des parties prenantes telles que les m\u00e9dias et les ONG, \u00e0 la fois&hellip;<\/p>\n","protected":false},"author":665,"featured_media":0,"parent":0,"menu_order":4,"comment_status":"closed","ping_status":"closed","template":"","meta":{"_exactmetrics_skip_tracking":false,"_exactmetrics_sitenote_active":false,"_exactmetrics_sitenote_note":"","_exactmetrics_sitenote_category":0,"footnotes":""},"class_list":["post-14436","page","type-page","status-publish","hentry","entry","no-media"],"_links":{"self":[{"href":"https:\/\/www.covalence.ch\/index.php\/wp-json\/wp\/v2\/pages\/14436","targetHints":{"allow":["GET"]}}],"collection":[{"href":"https:\/\/www.covalence.ch\/index.php\/wp-json\/wp\/v2\/pages"}],"about":[{"href":"https:\/\/www.covalence.ch\/index.php\/wp-json\/wp\/v2\/types\/page"}],"author":[{"embeddable":true,"href":"https:\/\/www.covalence.ch\/index.php\/wp-json\/wp\/v2\/users\/665"}],"replies":[{"embeddable":true,"href":"https:\/\/www.covalence.ch\/index.php\/wp-json\/wp\/v2\/comments?post=14436"}],"version-history":[{"count":9,"href":"https:\/\/www.covalence.ch\/index.php\/wp-json\/wp\/v2\/pages\/14436\/revisions"}],"predecessor-version":[{"id":15052,"href":"https:\/\/www.covalence.ch\/index.php\/wp-json\/wp\/v2\/pages\/14436\/revisions\/15052"}],"wp:attachment":[{"href":"https:\/\/www.covalence.ch\/index.php\/wp-json\/wp\/v2\/media?parent=14436"}],"curies":[{"name":"wp","href":"https:\/\/api.w.org\/{rel}","templated":true}]}}