{"id":14424,"date":"2022-12-13T17:10:26","date_gmt":"2022-12-13T16:10:26","guid":{"rendered":"https:\/\/www.covalence.ch\/?page_id=14424"},"modified":"2025-11-12T11:53:01","modified_gmt":"2025-11-12T10:53:01","slug":"a-propos","status":"publish","type":"page","link":"https:\/\/www.covalence.ch\/index.php\/fr\/a-propos\/","title":{"rendered":"A propos"},"content":{"rendered":"<div class=\"wpb-content-wrapper\">[vc_row][vc_column][vc_column_text css=&#8221;.vc_custom_1762944869390{margin-bottom: 24px !important;}&#8221; font_size=&#8221;18&#8243;]\n<div class=\"wpb_text_column wpb_content_element\">\n<div class=\"wpb_wrapper\">\n<p>Fond\u00e9e \u00e0 Gen\u00e8ve en 2001, Covalence \u00e9value la performance environnementale, sociale et de gouvernance (ESG) de milliers d\u2019entreprises \u00e0 travers le monde avec un focus sur l\u2019analyse des m\u00e9dias et des enjeux sociaux.<\/p>\n<p>Nous fournissons aux investisseurs professionnels des notations et donn\u00e9es ESG permettant de surveiller les portefeuilles, d\u00e9finir des univers d\u2019investissement, suivre les controverses, g\u00e9rer les risques de r\u00e9putation et documenter les impacts positifs.<\/p>\n<\/div>\n<\/div>\n[\/vc_column_text]<style>.vcex-image-slider.vcex_69ed9ad5e2e15 .wpex-slider-caption{font-size:16px;padding-block-start:-;}<\/style><div class=\"wpex-slider-preloaderimg wpex-relative\"><img width=\"980\" height=\"324\" src=\"https:\/\/www.covalence.ch\/wp-content\/uploads\/2024\/01\/monitor-slider980-324-2.png\" class=\"skip-lazy\" alt=\"\" data-no-lazy=\"1\" srcset=\"https:\/\/www.covalence.ch\/wp-content\/uploads\/2024\/01\/monitor-slider980-324-2.png 980w, https:\/\/www.covalence.ch\/wp-content\/uploads\/2024\/01\/monitor-slider980-324-2-300x99.png 300w, https:\/\/www.covalence.ch\/wp-content\/uploads\/2024\/01\/monitor-slider980-324-2-768x254.png 768w\" sizes=\"(max-width: 980px) 100vw, 980px\" \/><\/div><div class=\"vcex-image-slider vcex-module wpex-slider slider-pro wpex-clr vcex_69ed9ad5e2e15\" data-loop=\"true\"><div class=\"wpex-slider-slides sp-slides\"><div class=\"wpex-slider-slide sp-slide\"><div class=\"wpex-slider-media wpex-relative\"><img width=\"980\" height=\"324\" src=\"https:\/\/www.covalence.ch\/wp-content\/uploads\/2024\/01\/monitor-slider980-324-2.png\" class=\"skip-lazy\" alt=\"\" data-no-lazy=\"1\" srcset=\"https:\/\/www.covalence.ch\/wp-content\/uploads\/2024\/01\/monitor-slider980-324-2.png 980w, https:\/\/www.covalence.ch\/wp-content\/uploads\/2024\/01\/monitor-slider980-324-2-300x99.png 300w, https:\/\/www.covalence.ch\/wp-content\/uploads\/2024\/01\/monitor-slider980-324-2-768x254.png 768w\" sizes=\"(max-width: 980px) 100vw, 980px\" \/><div class=\"wpex-slider-caption sp-black sp-layer hidden-phone\"data-position=\"centerCenter\" data-show-delay=\"500\" data-show-transition=\"up\" data-hide-transition=\"up\" data-width=\"100%\" data-vertical=\"150\"><p>Depuis 2001 Covalence \u00e9value les entreprises selon des crit\u00e8res Environnement, Social, Gouvernance (ESG)<\/p>\n<\/div><\/div><\/div><div class=\"wpex-slider-slide sp-slide\"><div class=\"wpex-slider-media wpex-relative\"><img width=\"980\" height=\"324\" src=\"https:\/\/www.covalence.ch\/wp-content\/uploads\/2020\/06\/accueil2.png\" class=\"skip-lazy\" alt=\"\" data-no-lazy=\"1\" srcset=\"https:\/\/www.covalence.ch\/wp-content\/uploads\/2020\/06\/accueil2.png 980w, https:\/\/www.covalence.ch\/wp-content\/uploads\/2020\/06\/accueil2-300x99.png 300w, https:\/\/www.covalence.ch\/wp-content\/uploads\/2020\/06\/accueil2-768x254.png 768w\" sizes=\"(max-width: 980px) 100vw, 980px\" \/><div class=\"wpex-slider-caption sp-black sp-layer hidden-phone\"data-position=\"centerCenter\" data-show-delay=\"500\" data-show-transition=\"up\" data-hide-transition=\"up\" data-width=\"100%\" data-vertical=\"150\"><p>Antoine Mach et Marc Rochat ont fond\u00e9 Covalence pour aider les entreprises et investisseurs \u00e0 int\u00e9grer les enjeux ESG<\/p>\n<\/div><\/div><\/div><div class=\"wpex-slider-slide sp-slide\"><div class=\"wpex-slider-media wpex-relative\"><img width=\"980\" height=\"326\" src=\"https:\/\/www.covalence.ch\/wp-content\/uploads\/2007\/01\/ONU_980-326-1.png\" class=\"skip-lazy\" alt=\"\" data-no-lazy=\"1\" srcset=\"https:\/\/www.covalence.ch\/wp-content\/uploads\/2007\/01\/ONU_980-326-1.png 980w, https:\/\/www.covalence.ch\/wp-content\/uploads\/2007\/01\/ONU_980-326-1-300x100.png 300w, https:\/\/www.covalence.ch\/wp-content\/uploads\/2007\/01\/ONU_980-326-1-768x255.png 768w\" sizes=\"(max-width: 980px) 100vw, 980px\" \/><div class=\"wpex-slider-caption sp-black sp-layer hidden-phone\"data-position=\"centerCenter\" data-show-delay=\"500\" data-show-transition=\"up\" data-hide-transition=\"up\" data-width=\"100%\" data-vertical=\"150\"><p>Et \u00e0 r\u00e9pondre \u00e0 l\u2019appel de la communaut\u00e9 internationale en faveur d\u2019un d\u00e9veloppement durable<\/p>\n<\/div><\/div><\/div><div class=\"wpex-slider-slide sp-slide\"><div class=\"wpex-slider-media wpex-relative\"><img width=\"980\" height=\"324\" src=\"https:\/\/www.covalence.ch\/wp-content\/uploads\/2022\/10\/Approach_v5-1.png\" class=\"skip-lazy\" alt=\"\" data-no-lazy=\"1\" srcset=\"https:\/\/www.covalence.ch\/wp-content\/uploads\/2022\/10\/Approach_v5-1.png 980w, https:\/\/www.covalence.ch\/wp-content\/uploads\/2022\/10\/Approach_v5-1-300x99.png 300w, https:\/\/www.covalence.ch\/wp-content\/uploads\/2022\/10\/Approach_v5-1-768x254.png 768w\" sizes=\"(max-width: 980px) 100vw, 980px\" \/><div class=\"wpex-slider-caption sp-black sp-layer hidden-phone\"data-position=\"centerCenter\" data-show-delay=\"500\" data-show-transition=\"up\" data-hide-transition=\"up\" data-width=\"100%\" data-vertical=\"150\"><p>Notre syst\u00e8me de notation bas\u00e9 sur l\u2019IA compare le reporting des soci\u00e9t\u00e9s au sentiment m\u00e9diatique<\/p>\n<\/div><\/div><\/div><div class=\"wpex-slider-slide sp-slide\"><div class=\"wpex-slider-media wpex-relative\"><img width=\"980\" height=\"324\" src=\"https:\/\/www.covalence.ch\/wp-content\/uploads\/2024\/01\/slider-snapshot-top-980-324-2.png\" class=\"skip-lazy\" alt=\"\" data-no-lazy=\"1\" srcset=\"https:\/\/www.covalence.ch\/wp-content\/uploads\/2024\/01\/slider-snapshot-top-980-324-2.png 980w, https:\/\/www.covalence.ch\/wp-content\/uploads\/2024\/01\/slider-snapshot-top-980-324-2-300x99.png 300w, https:\/\/www.covalence.ch\/wp-content\/uploads\/2024\/01\/slider-snapshot-top-980-324-2-768x254.png 768w\" sizes=\"(max-width: 980px) 100vw, 980px\" \/><div class=\"wpex-slider-caption sp-black sp-layer hidden-phone\"data-position=\"centerCenter\" data-show-delay=\"500\" data-show-transition=\"up\" data-hide-transition=\"up\" data-width=\"100%\" data-vertical=\"150\"><p>Nos notations ESG mensuelles couvrent 15\u2019000 soci\u00e9t\u00e9 cot\u00e9es \u00e0 l\u2019\u00e9chelle globale<\/p>\n<\/div><\/div><\/div><div class=\"wpex-slider-slide sp-slide\"><div class=\"wpex-slider-media wpex-relative\"><img width=\"973\" height=\"325\" src=\"https:\/\/www.covalence.ch\/wp-content\/uploads\/2024\/01\/slider-pforeport-p2-980-324-1.png\" class=\"skip-lazy\" alt=\"\" data-no-lazy=\"1\" srcset=\"https:\/\/www.covalence.ch\/wp-content\/uploads\/2024\/01\/slider-pforeport-p2-980-324-1.png 973w, https:\/\/www.covalence.ch\/wp-content\/uploads\/2024\/01\/slider-pforeport-p2-980-324-1-300x100.png 300w, https:\/\/www.covalence.ch\/wp-content\/uploads\/2024\/01\/slider-pforeport-p2-980-324-1-768x257.png 768w\" sizes=\"(max-width: 973px) 100vw, 973px\" \/><div class=\"wpex-slider-caption sp-black sp-layer hidden-phone\"data-position=\"centerCenter\" data-show-delay=\"500\" data-show-transition=\"up\" data-hide-transition=\"up\" data-width=\"100%\" data-vertical=\"150\"><p>Covalence agr\u00e8ge ses notations ESG pour produire des rapports de portefeuille<\/p>\n<\/div><\/div><\/div><div class=\"wpex-slider-slide sp-slide\"><div class=\"wpex-slider-media wpex-relative\"><img width=\"980\" height=\"324\" src=\"https:\/\/www.covalence.ch\/wp-content\/uploads\/2025\/02\/morocco-980_324.png\" class=\"skip-lazy\" alt=\"\" data-no-lazy=\"1\" srcset=\"https:\/\/www.covalence.ch\/wp-content\/uploads\/2025\/02\/morocco-980_324.png 980w, https:\/\/www.covalence.ch\/wp-content\/uploads\/2025\/02\/morocco-980_324-300x99.png 300w, https:\/\/www.covalence.ch\/wp-content\/uploads\/2025\/02\/morocco-980_324-768x254.png 768w\" sizes=\"(max-width: 980px) 100vw, 980px\" \/><div class=\"wpex-slider-caption sp-black sp-layer hidden-phone\"data-position=\"centerCenter\" data-show-delay=\"500\" data-show-transition=\"up\" data-hide-transition=\"up\" data-width=\"100%\" data-vertical=\"150\"><p>Expertise sur des th\u00e8mes sociaux et politiques tels que les droits humains, la paix et la d\u00e9mocratie<\/p>\n<\/div><\/div><\/div><\/div><\/div>[vc_column_text css=&#8221;.vc_custom_1762944920619{margin-top: 24px !important;margin-bottom: 24px !important;}&#8221; font_size=&#8221;18&#8243;]Notre approche multi-sources, combinant expertise humaine et intelligence artificielle, compare les informations divulgu\u00e9es par les entreprises \u00e0 la perception des parties prenantes. Cette approche inspire aussi confiance \u00e0 des chercheurs universitaires et organisations \u00e0 but non lucratif.<\/p>\n<p>Nos principaux diff\u00e9renciateurs sont : agence de notation ESG pionni\u00e8re et ind\u00e9pendante ; donn\u00e9es d&#8217;actualit\u00e9 dynamiques et granulaires documentant les controverses, les bonnes pratiques et l&#8217;\u00e9volution des enjeux de durabilit\u00e9 ; outils IA d\u00e9velopp\u00e9s en interne depuis 2014 ; indicateur de risque d&#8217;\u00e9coblanchiment ; mapping ODD\u00a0; expertise sur des th\u00e8mes sociaux et politiques tels que les droits humains, la paix et la d\u00e9mocratie.[\/vc_column_text]<div class=\"vcex-multi-buttons wpex-flex wpex-flex-wrap wpex-items-center wpex-gap-10\"><a href=\"https:\/\/www.covalence.ch\/index.php\/fr\/services-fr\/investisseurs\/#1603468654610-fc8d6a80-bf18\" class=\"theme-button flat outline-transparent wpex-text-center vcex-count-1\">Notation ESG<\/a><a href=\"https:\/\/www.covalence.ch\/index.php\/fr\/services-fr\/investisseurs\/#1704894840959-a9cb97b8-374c\" class=\"theme-button flat outline-transparent wpex-text-center vcex-count-2\">Rapports de portefeuille<\/a><a href=\"https:\/\/www.covalence.ch\/index.php\/fr\/services-fr\/investisseurs\/#1544182660845-e66cb304-1e00\" class=\"theme-button flat outline-transparent wpex-text-center vcex-count-3\">Donn\u00e9es d'actualit\u00e9 ESG<\/a><a href=\"https:\/\/www.covalence.ch\/index.php\/fr\/services-fr\/investisseurs\/#1652825976045-ec9c67a2-0c38\" class=\"theme-button flat outline-transparent wpex-text-center vcex-count-4\">Indicateur de risque d\u2019\u00e9coblanchiment<\/a><a href=\"https:\/\/www.covalence.ch\/index.php\/fr\/services-fr\/investisseurs\/#1661173052674-baef33ae-d655\" class=\"theme-button flat outline-transparent wpex-text-center vcex-count-5\">Scores ODD et th\u00e9matiques<\/a><a href=\"https:\/\/www.covalence.ch\/index.php\/fr\/services-fr\/investisseurs\/#1504632464866-2e16e781-9846\" class=\"theme-button flat outline-transparent wpex-text-center vcex-count-6\"> ZKB Tracker Certificate<\/a><a href=\"https:\/\/www.covalence.ch\/index.php\/fr\/services-fr\/investisseurs\/#1592383956833-9e96fe1e-c734\" class=\"theme-button flat outline-transparent wpex-text-center vcex-count-7\">Formation<\/a><\/div><div class=\"vcex-spacing wpex-w-100 wpex-clear\"><\/div>[vc_cta h2=&#8221;Donn\u00e9es divulgu\u00e9es par les entreprises vs sentiment m\u00e9diatique&#8221; style=&#8221;outline&#8221; css=&#8221;.vc_custom_1705057109381{background-color: #c6d5e3 !important;}&#8221;]\n<p style=\"text-align: justify;\">L\u2019<a href=\"https:\/\/www.covalence.ch\/index.php\/fr\/approche\/\" rel=\"\">approche<\/a> de Covalence est bas\u00e9e sur une pluralit\u00e9 de sources d\u2019information et consid\u00e8re \u00e0 la fois les pratiques des entreprises et leur impact sur la soci\u00e9t\u00e9 et l\u2019environnement, dans l&#8217;esprit de la double mat\u00e9rialit\u00e9.<\/p>\n<p>Pour produire des notations nous confrontons les donn\u00e9es ESG rapport\u00e9es publiquement par les entreprises (<strong>divulgation<\/strong>) \u00e0 du contenu narratif refl\u00e9tant la perception des parties prenantes telles que m\u00e9dia et ONG (<strong>r\u00e9putation<\/strong>).<\/p>\n<p>Cette approche permet de rep\u00e9rer les inconsistances, de suivre les changements et de disposer en tout temps de donn\u00e9es alternatives et d\u2019informations utiles \u00e0 la r\u00e9duction de l\u2019exposition aux risques et \u00e0 la cr\u00e9ation de valeur \u00e0 long terme.<\/p>\n<p style=\"text-align: justify;\">Les co-fondateurs Antoine Mach et Marc Rochat sont fermement convaincus de la pertinence \u00e9conomique de la durabilit\u00e9 : une note ESG robuste traduit la confiance des parties prenantes \u00e0 l\u2019\u00e9gard d\u2019une entreprise et sa capacit\u00e9 \u00e0 identifier et \u00e0 g\u00e9rer les enjeux sociaux et environnementaux ; c\u2019est un indicateur de la qualit\u00e9 du management, de la vision strat\u00e9gique, de la gestion du risque, du positionnement de marque et de la r\u00e9silience globale de son mod\u00e8le d\u2019affaires, autant d\u2019\u00e9l\u00e9ments favorablement per\u00e7us et valoris\u00e9s par les march\u00e9s.<\/p>\n[\/vc_cta][\/vc_column][\/vc_row][vc_row 0=&#8221;&#8221; full_width=&#8221;stretch_row&#8221; css=&#8221;.vc_custom_1510247679143{background-color: #ffffff !important;}&#8221;][vc_column][vc_text_separator title=&#8221;Affiliations&#8221; title_align=&#8221;separator_align_left&#8221; color=&#8221;custom&#8221; css=&#8221;.vc_custom_1544610967182{margin-top: 18px !important;margin-bottom: 12px !important;}&#8221; accent_color=&#8221;#2e7db1&#8243;][\/vc_column][\/vc_row][vc_row 0=&#8221;&#8221; full_width=&#8221;stretch_row&#8221; css=&#8221;.vc_custom_1510247697543{background-color: #ffffff !important;}&#8221;][vc_column width=&#8221;1\/4&#8243;][vc_single_image image=&#8221;12973&#8243; onclick=&#8221;custom_link&#8221; img_link_target=&#8221;_blank&#8221; link=&#8221;http:\/\/www.sfgeneva.org\/&#8221;][\/vc_column][vc_column width=&#8221;1\/4&#8243;][vc_single_image image=&#8221;10673&#8243; onclick=&#8221;custom_link&#8221; img_link_target=&#8221;_blank&#8221; css=&#8221;.vc_custom_1504909300372{margin-top: 12px !important;}&#8221; link=&#8221;http:\/\/apres-ge.ch\/node\/67147&#8243;][\/vc_column][vc_column width=&#8221;1\/4&#8243;][vc_single_image image=&#8221;10675&#8243; img_size=&#8221;&#8221; onclick=&#8221;custom_link&#8221; img_link_target=&#8221;_blank&#8221; css=&#8221;.vc_custom_1504909334362{margin-top: 12px !important;}&#8221; link=&#8221;http:\/\/www.sustainablefinance.ch\/&#8221;][\/vc_column][vc_column width=&#8221;1\/4&#8243;][vc_single_image image=&#8221;12537&#8243; onclick=&#8221;custom_link&#8221; img_link_target=&#8221;_blank&#8221; css=&#8221;.vc_custom_1536668990777{margin-top: 12px !important;}&#8221; link=&#8221;https:\/\/www.unpri.org\/&#8221;][\/vc_column][\/vc_row][vc_row 0=&#8221;&#8221; full_width=&#8221;stretch_row&#8221; css=&#8221;.vc_custom_1510247697543{background-color: #ffffff !important;}&#8221;][vc_column width=&#8221;1\/2&#8243;][vc_single_image image=&#8221;14861&#8243; alignment=&#8221;center&#8221; onclick=&#8221;custom_link&#8221; img_link_target=&#8221;_blank&#8221; link=&#8221;https:\/\/www.easra.org&#8221;][\/vc_column][vc_column width=&#8221;1\/2&#8243;][vc_single_image image=&#8221;15288&#8243; onclick=&#8221;custom_link&#8221; img_link_target=&#8221;_blank&#8221; css=&#8221;&#8221; link=&#8221;https:\/\/saq.ch&#8221;][\/vc_column][\/vc_row][vc_row full_width=&#8221;stretch_row&#8221;][vc_column][\/vc_column][\/vc_row][vc_row full_width=&#8221;stretch_row&#8221; css=&#8221;.vc_custom_1510247584777{background-color: #ffffff !important;}&#8221;][vc_column][vc_text_separator title=&#8221;Prix et reconnaissances&#8221; title_align=&#8221;separator_align_left&#8221; color=&#8221;custom&#8221; css=&#8221;.vc_custom_1516702000488{margin-top: 18px !important;}&#8221; accent_color=&#8221;#2e7db1&#8243;][\/vc_column][\/vc_row][vc_row full_width=&#8221;stretch_row&#8221; css=&#8221;.vc_custom_1570814008015{background-color: #ffffff !important;}&#8221;][vc_column width=&#8221;1\/2&#8243;][vc_single_image image=&#8221;15357&#8243; add_caption=&#8221;yes&#8221; alignment=&#8221;left&#8221; onclick=&#8221;custom_link&#8221; img_link_target=&#8221;_blank&#8221; css=&#8221;.vc_custom_1737106550211{background-color: #ffffff !important;}&#8221; link=&#8221;https:\/\/www.hesge.ch\/heg\/sf&#8221;][\/vc_column][vc_column width=&#8221;1\/2&#8243;][vc_single_image image=&#8221;15358&#8243; alignment=&#8221;right&#8221; onclick=&#8221;custom_link&#8221; img_link_target=&#8221;_blank&#8221; css=&#8221;&#8221; link=&#8221;https:\/\/illuminem.com\/illuminemvoices\/top-10-mostread-thought-leaders-of-2024-in-esg&#8221;][\/vc_column][\/vc_row][vc_row 0=&#8221;&#8221; full_width=&#8221;stretch_row&#8221; css=&#8221;.vc_custom_1510247717149{background-color: #ffffff !important;}&#8221;][vc_column width=&#8221;1\/4&#8243;][vc_single_image image=&#8221;10682&#8243; onclick=&#8221;custom_link&#8221; img_link_target=&#8221;_blank&#8221; css=&#8221;&#8221; link=&#8221;https:\/\/www.covalence.ch\/docs\/brochure2015_web-2.pdf&#8221;][\/vc_column][vc_column width=&#8221;1\/4&#8243;][vc_single_image image=&#8221;10686&#8243; onclick=&#8221;custom_link&#8221; img_link_target=&#8221;_blank&#8221; link=&#8221;http:\/\/www.covalence.ch\/index.php\/2005\/10\/26\/covalence-finalist-social-entrepreneur-of-the-year-2005-in-switzerland&#8221;][\/vc_column][vc_column width=&#8221;1\/4&#8243;][vc_single_image image=&#8221;10681&#8243; onclick=&#8221;custom_link&#8221; img_link_target=&#8221;_blank&#8221; link=&#8221;https:\/\/www.covalence.ch\/docs\/2009s100MostInfluentialPeopleinBusinessEthics_EthisphereInstitute.htm#75&#8243;][\/vc_column][vc_column width=&#8221;1\/4&#8243;][vc_single_image image=&#8221;10684&#8243; onclick=&#8221;custom_link&#8221; img_link_target=&#8221;_blank&#8221; link=&#8221;https:\/\/www.covalence.ch\/docs\/10Innovations-de-la-finance_SFG-FR__DB.pdf&#8221;][\/vc_column][\/vc_row]\n<\/div>","protected":false},"excerpt":{"rendered":"<p>[vc_row][vc_column][vc_column_text css=&#8221;.vc_custom_1762944869390{margin-bottom: 24px !important;}&#8221; font_size=&#8221;18&#8243;] Fond\u00e9e \u00e0 Gen\u00e8ve en 2001, Covalence \u00e9value la performance environnementale, sociale et de gouvernance (ESG) de milliers d\u2019entreprises \u00e0 travers le monde avec un focus sur l\u2019analyse des m\u00e9dias et des enjeux sociaux. Nous fournissons aux investisseurs professionnels des notations et donn\u00e9es ESG permettant de surveiller les portefeuilles, d\u00e9finir des&hellip;<\/p>\n","protected":false},"author":665,"featured_media":0,"parent":0,"menu_order":7,"comment_status":"closed","ping_status":"closed","template":"","meta":{"_exactmetrics_skip_tracking":false,"_exactmetrics_sitenote_active":false,"_exactmetrics_sitenote_note":"","_exactmetrics_sitenote_category":0,"footnotes":""},"class_list":["post-14424","page","type-page","status-publish","hentry","entry","no-media"],"_links":{"self":[{"href":"https:\/\/www.covalence.ch\/index.php\/wp-json\/wp\/v2\/pages\/14424","targetHints":{"allow":["GET"]}}],"collection":[{"href":"https:\/\/www.covalence.ch\/index.php\/wp-json\/wp\/v2\/pages"}],"about":[{"href":"https:\/\/www.covalence.ch\/index.php\/wp-json\/wp\/v2\/types\/page"}],"author":[{"embeddable":true,"href":"https:\/\/www.covalence.ch\/index.php\/wp-json\/wp\/v2\/users\/665"}],"replies":[{"embeddable":true,"href":"https:\/\/www.covalence.ch\/index.php\/wp-json\/wp\/v2\/comments?post=14424"}],"version-history":[{"count":27,"href":"https:\/\/www.covalence.ch\/index.php\/wp-json\/wp\/v2\/pages\/14424\/revisions"}],"predecessor-version":[{"id":15673,"href":"https:\/\/www.covalence.ch\/index.php\/wp-json\/wp\/v2\/pages\/14424\/revisions\/15673"}],"wp:attachment":[{"href":"https:\/\/www.covalence.ch\/index.php\/wp-json\/wp\/v2\/media?parent=14424"}],"curies":[{"name":"wp","href":"https:\/\/api.w.org\/{rel}","templated":true}]}}