{"id":14419,"date":"2022-12-13T17:03:12","date_gmt":"2022-12-13T16:03:12","guid":{"rendered":"https:\/\/www.covalence.ch\/index.php\/esg-services-francais\/"},"modified":"2025-12-01T13:35:06","modified_gmt":"2025-12-01T12:35:06","slug":"esg-services-fr","status":"publish","type":"page","link":"https:\/\/www.covalence.ch\/index.php\/fr\/esg-services-fr\/","title":{"rendered":"Services ESG"},"content":{"rendered":"<div class=\"wpb-content-wrapper\">[vc_row full_width=&#8221;stretch_row&#8221;][vc_column][vc_empty_space]<style>.vcex-image-slider.vcex_69e1dd13d46b4 .wpex-slider-caption{font-size:16px;}<\/style><div class=\"wpex-slider-preloaderimg wpex-relative\"><img width=\"980\" height=\"324\" src=\"https:\/\/www.covalence.ch\/wp-content\/uploads\/2024\/01\/monitor-slider980-324-2.png\" class=\"skip-lazy\" alt=\"\" data-no-lazy=\"1\" srcset=\"https:\/\/www.covalence.ch\/wp-content\/uploads\/2024\/01\/monitor-slider980-324-2.png 980w, https:\/\/www.covalence.ch\/wp-content\/uploads\/2024\/01\/monitor-slider980-324-2-300x99.png 300w, https:\/\/www.covalence.ch\/wp-content\/uploads\/2024\/01\/monitor-slider980-324-2-768x254.png 768w\" sizes=\"(max-width: 980px) 100vw, 980px\" \/><\/div><div class=\"vcex-image-slider vcex-module wpex-slider slider-pro wpex-clr vcex_69e1dd13d46b4\" data-loop=\"true\"><div class=\"wpex-slider-slides sp-slides\"><div class=\"wpex-slider-slide sp-slide\"><div class=\"wpex-slider-media wpex-relative\"><img width=\"980\" height=\"324\" src=\"https:\/\/www.covalence.ch\/wp-content\/uploads\/2024\/01\/monitor-slider980-324-2.png\" class=\"skip-lazy\" alt=\"\" data-no-lazy=\"1\" srcset=\"https:\/\/www.covalence.ch\/wp-content\/uploads\/2024\/01\/monitor-slider980-324-2.png 980w, https:\/\/www.covalence.ch\/wp-content\/uploads\/2024\/01\/monitor-slider980-324-2-300x99.png 300w, https:\/\/www.covalence.ch\/wp-content\/uploads\/2024\/01\/monitor-slider980-324-2-768x254.png 768w\" sizes=\"(max-width: 980px) 100vw, 980px\" \/><div class=\"wpex-slider-caption sp-black sp-layer hidden-phone\"data-position=\"centerCenter\" data-show-delay=\"100\" data-show-transition=\"up\" data-hide-transition=\"down\" data-width=\"100%\" data-vertical=\"150\"><p>Depuis 2001 Covalence \u00e9value les entreprises selon des crit\u00e8res Environnement, Social, Gouvernance (ESG)<\/p>\n<\/div><\/div><\/div><div class=\"wpex-slider-slide sp-slide\"><div class=\"wpex-slider-media wpex-relative\"><img width=\"980\" height=\"324\" src=\"https:\/\/www.covalence.ch\/wp-content\/uploads\/2022\/10\/Approach_v5-1.png\" class=\"skip-lazy\" alt=\"\" data-no-lazy=\"1\" srcset=\"https:\/\/www.covalence.ch\/wp-content\/uploads\/2022\/10\/Approach_v5-1.png 980w, https:\/\/www.covalence.ch\/wp-content\/uploads\/2022\/10\/Approach_v5-1-300x99.png 300w, https:\/\/www.covalence.ch\/wp-content\/uploads\/2022\/10\/Approach_v5-1-768x254.png 768w\" sizes=\"(max-width: 980px) 100vw, 980px\" \/><div class=\"wpex-slider-caption sp-black sp-layer hidden-phone\"data-position=\"centerCenter\" data-show-delay=\"100\" data-show-transition=\"up\" data-hide-transition=\"down\" data-width=\"100%\" data-vertical=\"150\"><p>Notre syst\u00e8me de notation bas\u00e9 sur l\u2019IA compare le reporting des soci\u00e9t\u00e9s au sentiment m\u00e9diatique<\/p>\n<\/div><\/div><\/div><div class=\"wpex-slider-slide sp-slide\"><div class=\"wpex-slider-media wpex-relative\"><img width=\"980\" height=\"324\" src=\"https:\/\/www.covalence.ch\/wp-content\/uploads\/2024\/01\/slider-snapshot-top-980-324-2.png\" class=\"skip-lazy\" alt=\"\" data-no-lazy=\"1\" srcset=\"https:\/\/www.covalence.ch\/wp-content\/uploads\/2024\/01\/slider-snapshot-top-980-324-2.png 980w, https:\/\/www.covalence.ch\/wp-content\/uploads\/2024\/01\/slider-snapshot-top-980-324-2-300x99.png 300w, https:\/\/www.covalence.ch\/wp-content\/uploads\/2024\/01\/slider-snapshot-top-980-324-2-768x254.png 768w\" sizes=\"(max-width: 980px) 100vw, 980px\" \/><div class=\"wpex-slider-caption sp-black sp-layer hidden-phone\"data-position=\"centerCenter\" data-show-delay=\"100\" data-show-transition=\"up\" data-hide-transition=\"down\" data-width=\"100%\" data-vertical=\"150\"><p>Nos notations ESG mensuelles couvrent 15\u2019000 soci\u00e9t\u00e9 cot\u00e9es \u00e0 l\u2019\u00e9chelle globale<\/p>\n<\/div><\/div><\/div><div class=\"wpex-slider-slide sp-slide\"><div class=\"wpex-slider-media wpex-relative\"><img width=\"973\" height=\"325\" src=\"https:\/\/www.covalence.ch\/wp-content\/uploads\/2024\/01\/slider-pforeport-p2-980-324-1.png\" class=\"skip-lazy\" alt=\"\" data-no-lazy=\"1\" srcset=\"https:\/\/www.covalence.ch\/wp-content\/uploads\/2024\/01\/slider-pforeport-p2-980-324-1.png 973w, https:\/\/www.covalence.ch\/wp-content\/uploads\/2024\/01\/slider-pforeport-p2-980-324-1-300x100.png 300w, https:\/\/www.covalence.ch\/wp-content\/uploads\/2024\/01\/slider-pforeport-p2-980-324-1-768x257.png 768w\" sizes=\"(max-width: 973px) 100vw, 973px\" \/><div class=\"wpex-slider-caption sp-black sp-layer hidden-phone\"data-position=\"centerCenter\" data-show-delay=\"100\" data-show-transition=\"up\" data-hide-transition=\"down\" data-width=\"100%\" data-vertical=\"150\"><p>Covalence agr\u00e8ge ses notations ESG pour produire des rapports de portefeuille<\/p>\n<\/div><\/div><\/div><div class=\"wpex-slider-slide sp-slide\"><div class=\"wpex-slider-media wpex-relative\"><img width=\"980\" height=\"324\" src=\"https:\/\/www.covalence.ch\/wp-content\/uploads\/2025\/02\/morocco-980_324.png\" class=\"skip-lazy\" alt=\"\" data-no-lazy=\"1\" srcset=\"https:\/\/www.covalence.ch\/wp-content\/uploads\/2025\/02\/morocco-980_324.png 980w, https:\/\/www.covalence.ch\/wp-content\/uploads\/2025\/02\/morocco-980_324-300x99.png 300w, https:\/\/www.covalence.ch\/wp-content\/uploads\/2025\/02\/morocco-980_324-768x254.png 768w\" sizes=\"(max-width: 980px) 100vw, 980px\" \/><div class=\"wpex-slider-caption sp-black sp-layer hidden-phone\"data-position=\"centerCenter\" data-show-delay=\"100\" data-show-transition=\"up\" data-hide-transition=\"down\" data-width=\"100%\" data-vertical=\"150\"><p>Expertise sur des th\u00e8mes sociaux et politiques tels que les droits humains, la paix et la d\u00e9mocratie<\/p>\n<\/div><\/div><\/div><\/div><\/div>[\/vc_column][\/vc_row][vc_row full_width=&#8221;stretch_row&#8221; css=&#8221;.vc_custom_1593004452562{background-color: #ffffff !important;}&#8221;][vc_column][vc_empty_space][vc_column_text css=&#8221;&#8221; font_size=&#8221;18&#8243;]Fond\u00e9e \u00e0 Gen\u00e8ve en 2001, Covalence \u00e9value la performance environnementale, sociale et de gouvernance (ESG) de milliers d\u2019entreprises \u00e0 travers le monde avec un focus sur l\u2019analyse des m\u00e9dias et des enjeux sociaux.<\/p>\n<p>Nous fournissons aux investisseurs professionnels des notations et donn\u00e9es ESG permettant de surveiller les portefeuilles, d\u00e9finir des univers d\u2019investissement, suivre les controverses, g\u00e9rer les risques de r\u00e9putation et documenter les impacts positifs.[\/vc_column_text]<div class=\"vcex-spacing wpex-w-100 wpex-clear\"><\/div><div class=\"vcex-multi-buttons wpex-flex wpex-flex-wrap wpex-items-center wpex-gap-10\"><a href=\"https:\/\/www.covalence.ch\/index.php\/fr\/services-fr\/investisseurs\/#1603468654610-fc8d6a80-bf18\" class=\"theme-button flat outline-transparent wpex-text-center vcex-count-1\">Notation ESG<\/a><a href=\"https:\/\/www.covalence.ch\/index.php\/fr\/services-fr\/investisseurs\/#1704894840959-a9cb97b8-374c\" class=\"theme-button flat outline-transparent wpex-text-center vcex-count-2\">Norms-based exclusions monitor<\/a><a href=\"https:\/\/www.covalence.ch\/index.php\/fr\/services-fr\/investisseurs\/#1704894840959-a9cb97b8-374c\" class=\"theme-button flat outline-transparent wpex-text-center vcex-count-3\">Rapports de portefeuille<\/a><a href=\"https:\/\/www.covalence.ch\/index.php\/fr\/services-fr\/investisseurs\/#1544182660845-e66cb304-1e00\" class=\"theme-button flat outline-transparent wpex-text-center vcex-count-4\">Donn\u00e9es d'actualit\u00e9 ESG<\/a><a href=\"https:\/\/www.covalence.ch\/index.php\/fr\/services-fr\/investisseurs\/#1652825976045-ec9c67a2-0c38\" class=\"theme-button flat outline-transparent wpex-text-center vcex-count-5\">Indicateur de risque d\u2019\u00e9coblanchiment<\/a><a href=\"https:\/\/www.covalence.ch\/index.php\/fr\/services-fr\/investisseurs\/#1661173052674-baef33ae-d655\" class=\"theme-button flat outline-transparent wpex-text-center vcex-count-6\">Scores ODD et th\u00e9matiques<\/a><a href=\"https:\/\/www.covalence.ch\/index.php\/fr\/services-fr\/investisseurs\/#1504632464866-2e16e781-9846\" class=\"theme-button flat outline-transparent wpex-text-center vcex-count-7\"> ZKB Tracker Certificate<\/a><a href=\"https:\/\/www.covalence.ch\/index.php\/fr\/services-fr\/investisseurs\/#1592383956833-9e96fe1e-c734\" class=\"theme-button flat outline-transparent wpex-text-center vcex-count-8\">Formation<\/a><\/div>[\/vc_column][\/vc_row][vc_row full_width=&#8221;stretch_row&#8221; css=&#8221;.vc_custom_1593005496984{background-color: #ffffff !important;}&#8221;][vc_column]<div class=\"vcex-spacing wpex-w-100 wpex-clear\"><\/div>[vc_row_inner remove_bottom_col_margin=&#8221;true&#8221; css=&#8221;.vc_custom_1652972166820{background-color: #ffffff !important;}&#8221;][vc_column_inner width=&#8221;1\/3&#8243;]<style>.vcex-heading.vcex_69e1dd13d9f19 .vcex-heading-icon{color:#2e7db1;}<\/style><div class=\"vcex-heading vcex-heading-plain vcex-module wpex-heading wpex-text-2xl wpex-text-left vcex_69e1dd13d9f19\"><a href=\"http:\/\/www.covalence.ch\/index.php\/services\/investors\/?lang=fr\" class=\"wpex-no-underline\" target=\"_self\"><span class=\"vcex-heading-inner wpex-inline-block\"><span class=\"vcex-heading-icon vcex-heading-icon-left vcex-icon-wrap wpex-mr-10\"><span class=\"wpex-icon\" aria-hidden=\"true\"><svg xmlns=\"http:\/\/www.w3.org\/2000\/svg\" viewBox=\"0 0 34 32\"><path d=\"M17.143 0l17.143 6.857v2.286h-2.286q0 0.464-0.366 0.804t-0.866 0.339h-27.25q-0.5 0-0.866-0.339t-0.366-0.804h-2.286v-2.286zM4.571 11.429h4.571v13.714h2.286v-13.714h4.571v13.714h2.286v-13.714h4.571v13.714h2.286v-13.714h4.571v13.714h1.054q0.5 0 0.866 0.339t0.366 0.804v1.143h-29.714v-1.143q0-0.464 0.366-0.804t0.866-0.339h1.054v-13.714zM33.054 28.571q0.5 0 0.866 0.339t0.366 0.804v2.286h-34.286v-2.286q0-0.464 0.366-0.804t0.866-0.339h31.821z\"><\/path><\/svg><\/span><\/span>Investisseurs<\/span><\/a><\/div>[vc_empty_space height=&#8221;12px&#8221;][vc_column_text css=&#8221;.vc_custom_1671542155233{margin-bottom: 18px !important;}&#8221; font_size=&#8221;14&#8243;]\n<p style=\"text-align: left;\">Covalence propose aux investisseurs des notations, donn\u00e9es, rapports et conseils pour la gestion d\u2019investissements, la documentation de portefeuilles et les \u00e9valuations ESG<\/p>\n[\/vc_column_text]<div class=\"vc_custom_1704976968873 wpex-clr\"><a href=\"https:\/\/www.covalence.ch\/index.php\/fr\/services-fr\/investisseurs\/\" class=\"vcex-button theme-button inline\"><span class=\"vcex-button-inner theme-button-inner wpex-flex wpex-flex-wrap wpex-items-center wpex-justify-center\">Suite<\/span><\/a><\/div> [\/vc_column_inner][vc_column_inner width=&#8221;1\/3&#8243;]<style>.vcex-heading.vcex_69e1dd13db288 .vcex-heading-icon{color:#2e7db1;}<\/style><div class=\"vcex-heading vcex-heading-plain vcex-module wpex-heading wpex-text-2xl wpex-text-left vcex_69e1dd13db288\"><a href=\"http:\/\/www.covalence.ch\/index.php\/services\/non-profit-organisations\/?lang=fr\" class=\"wpex-no-underline\" target=\"_self\"><span class=\"vcex-heading-inner wpex-inline-block\"><span class=\"vcex-heading-icon vcex-heading-icon-left vcex-icon-wrap wpex-mr-10\"><span aria-hidden=\"true\" class=\"vc_li vc_li-world\"><\/span><\/span>Organisations<\/span><\/a><\/div>[vc_empty_space height=&#8221;12px&#8221;][vc_column_text css=&#8221;.vc_custom_1736790923763{margin-bottom: 18px !important;}&#8221; font_size=&#8221;14&#8243;]Covalence fournit des donn\u00e9es et conseils aux organisations \u00e0 but non lucratif travaillant sur, ou avec, les entreprises multinationales. Ces prestations sont utiles pour\u00a0: \u00e9tudes et classements th\u00e9matiques, recherche de partenaires, gestion des risques de r\u00e9putation.[\/vc_column_text]<div class=\"vc_custom_1704977036152 wpex-clr\"><a href=\"https:\/\/www.covalence.ch\/index.php\/fr\/services-fr\/organisations-a-but-non-lucratif\/\" class=\"vcex-button theme-button inline\"><span class=\"vcex-button-inner theme-button-inner wpex-flex wpex-flex-wrap wpex-items-center wpex-justify-center\">Suite<\/span><\/a><\/div> [\/vc_column_inner][vc_column_inner width=&#8221;1\/3&#8243;]<style>.vcex-heading.vcex_69e1dd13dc111 .vcex-heading-icon{color:#2e7db1;}<\/style><div class=\"vcex-heading vcex-heading-plain vcex-module wpex-heading wpex-text-2xl wpex-text-left vcex_69e1dd13dc111\"><a href=\"http:\/\/www.covalence.ch\/index.php\/services\/universities\/?lang=fr\" class=\"wpex-no-underline\" target=\"_self\"><span class=\"vcex-heading-inner wpex-inline-block\"><span class=\"vcex-heading-icon vcex-heading-icon-left vcex-icon-wrap wpex-mr-10\"><span class=\"wpex-icon\" aria-hidden=\"true\"><svg xmlns=\"http:\/\/www.w3.org\/2000\/svg\" viewBox=\"0 0 640 512\"><path d=\"M320 32c-8.1 0-16.1 1.4-23.7 4.1L15.8 137.4C6.3 140.9 0 149.9 0 160s6.3 19.1 15.8 22.6l57.9 20.9C57.3 229.3 48 259.8 48 291.9v28.1c0 28.4-10.8 57.7-22.3 80.8c-6.5 13-13.9 25.8-22.5 37.6C0 442.7-.9 448.3 .9 453.4s6 8.9 11.2 10.2l64 16c4.2 1.1 8.7 .3 12.4-2s6.3-6.1 7.1-10.4c8.6-42.8 4.3-81.2-2.1-108.7C90.3 344.3 86 329.8 80 316.5V291.9c0-30.2 10.2-58.7 27.9-81.5c12.9-15.5 29.6-28 49.2-35.7l157-61.7c8.2-3.2 17.5 .8 20.7 9s-.8 17.5-9 20.7l-157 61.7c-12.4 4.9-23.3 12.4-32.2 21.6l159.6 57.6c7.6 2.7 15.6 4.1 23.7 4.1s16.1-1.4 23.7-4.1L624.2 182.6c9.5-3.4 15.8-12.5 15.8-22.6s-6.3-19.1-15.8-22.6L343.7 36.1C336.1 33.4 328.1 32 320 32zM128 408c0 35.3 86 72 192 72s192-36.7 192-72L496.7 262.6 354.5 314c-11.1 4-22.8 6-34.5 6s-23.5-2-34.5-6L143.3 262.6 128 408z\"\/><\/svg><\/span><\/span>Universit\u00e9s<\/span><\/a><\/div>[vc_empty_space height=&#8221;12px&#8221;][vc_column_text css=&#8221;.vc_custom_1671542176520{margin-bottom: 18px !important;}&#8221; font_size=&#8221;14&#8243;]\n<p style=\"text-align: left;\">Covalence offre aux universitaires des ratings et donn\u00e9es ESG utiles \u00e0 la recherche sur la pertinence \u00e9conomique de la durabilit\u00e9<\/p>\n[\/vc_column_text]<div class=\"vc_custom_1704977044423 wpex-clr\"><a href=\"https:\/\/www.covalence.ch\/index.php\/fr\/services-fr\/universites\/\" class=\"vcex-button theme-button inline\"><span class=\"vcex-button-inner theme-button-inner wpex-flex wpex-flex-wrap wpex-items-center wpex-justify-center\">Suite<\/span><\/a><\/div> [\/vc_column_inner][\/vc_row_inner][\/vc_column][\/vc_row][vc_row full_width=&#8221;stretch_row&#8221; css=&#8221;.vc_custom_1593004509131{background-color: #ffffff !important;}&#8221;][vc_column css=&#8221;.vc_custom_1606301056727{background-color: #fff1e0 !important;}&#8221;]<div class=\"vcex-heading vcex-heading-plain vcex-module wpex-heading wpex-text-2xl vc_custom_1593005308752\"><span class=\"vcex-heading-inner wpex-inline-block\">ESG radar 24\/7<\/span><\/div>[vc_column_text css=&#8221;.vc_custom_1698682605596{background-color: #fff1e0 !important;}&#8221; font_size=&#8221;18&#8243;]Que dit notre radar ESG cette semaine? Naviguez parmi les sujets chauds du moment en cliquant sur nos graphiques interactifs. <a href=\"https:\/\/www.covalence.ch\/index.php\/fr\/services-fr\/investisseurs\/#1544182660845-e66cb304-1e00\">Plus&#8230;<\/a>[\/vc_column_text][vc_raw_html css=&#8221;.vc_custom_1593004615914{background-color: #fff1e0 !important;}&#8221;]JTNDaWZyYW1lJTIwc3JjJTNEJTIyaHR0cHMlM0ElMkYlMkZ3d3cuY292YWxlbmNlLmNoJTJGM2QlMkZob21lUGFnZTdkXzIuaHRtbCUyMiUyMGhlaWdodCUzRCUyMjQ5NSUyMiUyMHdpZHRoJTNEJTIyMTAwJTI1JTIyJTIwZnJhbWVib3JkZXIlM0QlMjIwJTIyJTIwc3R5bGUlM0QlMjJvdmVyZmxvdy15JTNBaGlkZGVuJTNCJTIwb3ZlcmZsb3cteCUzQXNjcm9sbCUzQiUyMiUzRSUzQyUyRmlmcmFtZSUzRQ==[\/vc_raw_html][\/vc_column][\/vc_row][vc_row full_width=&#8221;stretch_row&#8221; css=&#8221;.vc_custom_1593004965331{background-color: #fff1e0 !important;}&#8221;][vc_column width=&#8221;1\/4&#8243;]<style>.vcex-heading.vcex_69e1dd13dd6a7{font-size:18px;font-weight:600;}<\/style><div class=\"vcex-heading vcex-heading-plain vcex-module wpex-heading wpex-text-2xl vc_custom_1510266304883 vcex_69e1dd13dd6a7\"><span class=\"vcex-heading-inner wpex-inline-block\">News<\/span><\/div>[\/vc_column][vc_column width=&#8221;1\/4&#8243;][\/vc_column][vc_column width=&#8221;1\/4&#8243;][\/vc_column][vc_column width=&#8221;1\/4&#8243;][\/vc_column][\/vc_row][vc_row full_width=&#8221;stretch_row&#8221; css=&#8221;.vc_custom_1593005733897{background-color: #fff1e0 !important;}&#8221;][vc_column]<style>.vcex-blog-carousel.vcex_69e1dd13de1db .entry-title{color:#2e7db1;}.vcex-blog-carousel.vcex_69e1dd13de1db .entry-readmore{background-color:#d7e4be;color:#686868;}.vcex-blog-carousel.vcex_69e1dd13de1db .entry-readmore:hover{background-color:#2e7db1;color:#ffffff;}<\/style><style class=\"vcex-carousel-preload-css\">.vcex_69e1dd13de1db{--wpex-carousel-gap:15px;}.vcex_69e1dd13de1db{--wpex-carousel-columns:1;}.vcex_69e1dd13de1db.wpex-carousel:not(.wpex-carousel--loaded) > *:not(:nth-child(1n+2)){display:flex!important;}@media only screen and (min-width: 480px) {.vcex_69e1dd13de1db{--wpex-carousel-columns:2;}.vcex_69e1dd13de1db.wpex-carousel:not(.wpex-carousel--loaded) > *:not(:nth-child(1n+3)){display:flex!important;}}@media only screen and (min-width: 768px) {.vcex_69e1dd13de1db{--wpex-carousel-columns:3;}.vcex_69e1dd13de1db.wpex-carousel:not(.wpex-carousel--loaded) > *:not(:nth-child(1n+4)){display:flex!important;}}@media only screen and (min-width: 960px) {.vcex_69e1dd13de1db{--wpex-carousel-columns:4;}.vcex_69e1dd13de1db.wpex-carousel:not(.wpex-carousel--loaded) > *:not(:nth-child(1n+5)){display:flex!important;}}<\/style><div class=\"vcex-blog-carousel wpex-carousel wpex-carousel-blog wpex-clr vcex-module owl-carousel wpex-carousel--render-onload arrwstyle-default arrwpos-default vcex_69e1dd13de1db\" data-wpex-carousel=\"{&quot;slideBy&quot;:1,&quot;items&quot;:4,&quot;responsive&quot;:{&quot;0&quot;:{&quot;items&quot;:&quot;1&quot;},&quot;480&quot;:{&quot;items&quot;:&quot;2&quot;},&quot;768&quot;:{&quot;items&quot;:&quot;3&quot;},&quot;960&quot;:{&quot;items&quot;:4}}}\"><div class=\"wpex-carousel-slide has-media\"><div class=\"wpex-carousel-entry-media entry-media wpex-relative\"><a href=\"https:\/\/www.covalence.ch\/index.php\/2026\/04\/13\/finance-durable-les-exclusions-ethiques-saffinent\/\" title=\"Finance durable: les exclusions \u00e9thiques s\u2019affinent\" class=\"wpex-carousel-entry-img\"><img width=\"200\" height=\"130\" src=\"https:\/\/www.covalence.ch\/wp-content\/uploads\/2024\/07\/logo_le_temps_2020.png\" class=\"wpex-align-middle skip-lazy\" alt=\"\" data-no-lazy=\"1\" \/><\/a><\/div><div class=\"wpex-carousel-entry-details entry-details wpex-boxed wpex-first-mt-0 wpex-last-mb-0 wpex-clr vc_custom_1593005825955\"><div class=\"wpex-carousel-entry-title entry-title wpex-mb-5 wpex-child-inherit-color\"><a href=\"https:\/\/www.covalence.ch\/index.php\/2026\/04\/13\/finance-durable-les-exclusions-ethiques-saffinent\/\">Finance durable: les exclusions \u00e9thiques s\u2019affinent<\/a><\/div><div class=\"wpex-carousel-entry-date vcex-blog-entry-date entry-date wpex-text-sm wpex-text-3 wpex-mb-5\">13 April 2026<\/div><div class=\"wpex-carousel-entry-excerpt entry-excerpt wpex-my-15 wpex-text-pretty wpex-last-mb-0 wpex-clr\"><p>CHRONIQUE. La complexit\u00e9 des usages et les imp\u00e9ratifs de rendement am\u00e8nent les investisseurs \u00e0 pr\u00e9f\u00e9rer&hellip;<\/p><\/div><div class=\"wpex-carousel-entry-button entry-readmore-wrap wpex-my-15 wpex-clr\"><a href=\"https:\/\/www.covalence.ch\/index.php\/2026\/04\/13\/finance-durable-les-exclusions-ethiques-saffinent\/\" class=\"entry-readmore theme-button\" aria-label=\"Suite about Finance durable: les exclusions \u00e9thiques s\u2019affinent\">Suite<\/a><\/div><\/div><\/div><div class=\"wpex-carousel-slide has-media\"><div class=\"wpex-carousel-entry-media entry-media wpex-relative\"><a href=\"https:\/\/www.covalence.ch\/index.php\/2026\/02\/09\/sustainable-finance-transparency-is-improving-on-several-fronts\/\" title=\"Sustainable finance: Transparency is improving on several fronts\" class=\"wpex-carousel-entry-img\"><img width=\"200\" height=\"130\" src=\"https:\/\/www.covalence.ch\/wp-content\/uploads\/2026\/02\/illuminem09.02.2026.jpg\" class=\"wpex-align-middle skip-lazy\" alt=\"\" data-no-lazy=\"1\" \/><\/a><\/div><div class=\"wpex-carousel-entry-details entry-details wpex-boxed wpex-first-mt-0 wpex-last-mb-0 wpex-clr vc_custom_1593005825955\"><div class=\"wpex-carousel-entry-title entry-title wpex-mb-5 wpex-child-inherit-color\"><a href=\"https:\/\/www.covalence.ch\/index.php\/2026\/02\/09\/sustainable-finance-transparency-is-improving-on-several-fronts\/\">Sustainable finance: Transparency is improving on several fronts<\/a><\/div><div class=\"wpex-carousel-entry-date vcex-blog-entry-date entry-date wpex-text-sm wpex-text-3 wpex-mb-5\">9 February 2026<\/div><div class=\"wpex-carousel-entry-excerpt entry-excerpt wpex-my-15 wpex-text-pretty wpex-last-mb-0 wpex-clr\"><p>Sustainable finance is currently experiencing a crisis of confidence. The idea that an investment can&hellip;<\/p><\/div><div class=\"wpex-carousel-entry-button entry-readmore-wrap wpex-my-15 wpex-clr\"><a href=\"https:\/\/www.covalence.ch\/index.php\/2026\/02\/09\/sustainable-finance-transparency-is-improving-on-several-fronts\/\" class=\"entry-readmore theme-button\" aria-label=\"Suite about Sustainable finance: Transparency is improving on several fronts\">Suite<\/a><\/div><\/div><\/div><div class=\"wpex-carousel-slide has-media\"><div class=\"wpex-carousel-entry-media entry-media wpex-relative\"><a href=\"https:\/\/www.covalence.ch\/index.php\/2026\/02\/02\/finance-durable-la-transparence-progresse-sur-plusieurs-fronts\/\" title=\"Finance durable: la transparence progresse sur plusieurs fronts\" class=\"wpex-carousel-entry-img\"><img width=\"200\" height=\"130\" src=\"https:\/\/www.covalence.ch\/wp-content\/uploads\/2024\/07\/logo_le_temps_2020.png\" class=\"wpex-align-middle skip-lazy\" alt=\"\" data-no-lazy=\"1\" \/><\/a><\/div><div class=\"wpex-carousel-entry-details entry-details wpex-boxed wpex-first-mt-0 wpex-last-mb-0 wpex-clr vc_custom_1593005825955\"><div class=\"wpex-carousel-entry-title entry-title wpex-mb-5 wpex-child-inherit-color\"><a href=\"https:\/\/www.covalence.ch\/index.php\/2026\/02\/02\/finance-durable-la-transparence-progresse-sur-plusieurs-fronts\/\">Finance durable: la transparence progresse sur plusieurs fronts<\/a><\/div><div class=\"wpex-carousel-entry-date vcex-blog-entry-date entry-date wpex-text-sm wpex-text-3 wpex-mb-5\">2 February 2026<\/div><div class=\"wpex-carousel-entry-excerpt entry-excerpt wpex-my-15 wpex-text-pretty wpex-last-mb-0 wpex-clr\"><p>Des avanc\u00e9es r\u00e9centes en divulgation d\u2019informations environnementales par les entreprises pourraient redonner confiance dans les&hellip;<\/p><\/div><div class=\"wpex-carousel-entry-button entry-readmore-wrap wpex-my-15 wpex-clr\"><a href=\"https:\/\/www.covalence.ch\/index.php\/2026\/02\/02\/finance-durable-la-transparence-progresse-sur-plusieurs-fronts\/\" class=\"entry-readmore theme-button\" aria-label=\"Suite about Finance durable: la transparence progresse sur plusieurs fronts\">Suite<\/a><\/div><\/div><\/div><div class=\"wpex-carousel-slide has-media\"><div class=\"wpex-carousel-entry-media entry-media wpex-relative\"><a href=\"https:\/\/www.covalence.ch\/index.php\/2025\/12\/01\/finance-durable-le-defi-dagir-au-niveau-local\/\" title=\"Finance durable: le d\u00e9fi d\u2019agir au niveau local\" class=\"wpex-carousel-entry-img\"><img width=\"200\" height=\"130\" src=\"https:\/\/www.covalence.ch\/wp-content\/uploads\/2024\/07\/logo_le_temps_2020.png\" class=\"wpex-align-middle skip-lazy\" alt=\"\" data-no-lazy=\"1\" \/><\/a><\/div><div class=\"wpex-carousel-entry-details entry-details wpex-boxed wpex-first-mt-0 wpex-last-mb-0 wpex-clr vc_custom_1593005825955\"><div class=\"wpex-carousel-entry-title entry-title wpex-mb-5 wpex-child-inherit-color\"><a href=\"https:\/\/www.covalence.ch\/index.php\/2025\/12\/01\/finance-durable-le-defi-dagir-au-niveau-local\/\">Finance durable: le d\u00e9fi d\u2019agir au niveau local<\/a><\/div><div class=\"wpex-carousel-entry-date vcex-blog-entry-date entry-date wpex-text-sm wpex-text-3 wpex-mb-5\">1 December 2025<\/div><div class=\"wpex-carousel-entry-excerpt entry-excerpt wpex-my-15 wpex-text-pretty wpex-last-mb-0 wpex-clr\"><p>OPINION. Les placements durables, qui int\u00e9ressent entre 5% et 50% des clients des banques, s\u2019orientent&hellip;<\/p><\/div><div class=\"wpex-carousel-entry-button entry-readmore-wrap wpex-my-15 wpex-clr\"><a href=\"https:\/\/www.covalence.ch\/index.php\/2025\/12\/01\/finance-durable-le-defi-dagir-au-niveau-local\/\" class=\"entry-readmore theme-button\" aria-label=\"Suite about Finance durable: le d\u00e9fi d\u2019agir au niveau local\">Suite<\/a><\/div><\/div><\/div><\/div>[\/vc_column][\/vc_row][vc_column width=&#8221;1\/4&#8243;][\/vc_column][vc_column width=&#8221;1\/4&#8243;][\/vc_column][vc_column width=&#8221;1\/4&#8243;][\/vc_column][vc_column width=&#8221;1\/4&#8243;][\/vc_column]\n<\/div>","protected":false},"excerpt":{"rendered":"<p>[vc_row full_width=&#8221;stretch_row&#8221;][vc_column][vc_empty_space][\/vc_column][\/vc_row][vc_row full_width=&#8221;stretch_row&#8221; css=&#8221;.vc_custom_1593004452562{background-color: #ffffff !important;}&#8221;][vc_column][vc_empty_space][vc_column_text css=&#8221;&#8221; font_size=&#8221;18&#8243;]Fond\u00e9e \u00e0 Gen\u00e8ve en 2001, Covalence \u00e9value la performance environnementale, sociale et de gouvernance (ESG) de milliers d\u2019entreprises \u00e0 travers le monde avec un focus sur l\u2019analyse des m\u00e9dias et des enjeux sociaux. Nous fournissons aux investisseurs professionnels des notations et donn\u00e9es ESG permettant de surveiller les portefeuilles,&hellip;<\/p>\n","protected":false},"author":665,"featured_media":0,"parent":0,"menu_order":0,"comment_status":"closed","ping_status":"closed","template":"","meta":{"_exactmetrics_skip_tracking":false,"_exactmetrics_sitenote_active":false,"_exactmetrics_sitenote_note":"","_exactmetrics_sitenote_category":0,"footnotes":""},"class_list":["post-14419","page","type-page","status-publish","hentry","entry","has-media"],"_links":{"self":[{"href":"https:\/\/www.covalence.ch\/index.php\/wp-json\/wp\/v2\/pages\/14419","targetHints":{"allow":["GET"]}}],"collection":[{"href":"https:\/\/www.covalence.ch\/index.php\/wp-json\/wp\/v2\/pages"}],"about":[{"href":"https:\/\/www.covalence.ch\/index.php\/wp-json\/wp\/v2\/types\/page"}],"author":[{"embeddable":true,"href":"https:\/\/www.covalence.ch\/index.php\/wp-json\/wp\/v2\/users\/665"}],"replies":[{"embeddable":true,"href":"https:\/\/www.covalence.ch\/index.php\/wp-json\/wp\/v2\/comments?post=14419"}],"version-history":[{"count":33,"href":"https:\/\/www.covalence.ch\/index.php\/wp-json\/wp\/v2\/pages\/14419\/revisions"}],"predecessor-version":[{"id":15695,"href":"https:\/\/www.covalence.ch\/index.php\/wp-json\/wp\/v2\/pages\/14419\/revisions\/15695"}],"wp:attachment":[{"href":"https:\/\/www.covalence.ch\/index.php\/wp-json\/wp\/v2\/media?parent=14419"}],"curies":[{"name":"wp","href":"https:\/\/api.w.org\/{rel}","templated":true}]}}